{"id":1678,"date":"2014-12-17T09:12:01","date_gmt":"2014-12-17T08:12:01","guid":{"rendered":"http:\/\/ckpdobrzechow.edu.pl\/?page_id=1678"},"modified":"2018-01-26T08:04:55","modified_gmt":"2018-01-26T07:04:55","slug":"egzamin-czeladniczy-zsz","status":"publish","type":"page","link":"https:\/\/ckzdobrzechow.edu.pl\/egzamin-czeladniczy-zsz\/","title":{"rendered":"INFORMACJE DLA GIMNAZJALIST\u00d3W"},"content":{"rendered":"<hr \/>\n<p style=\"text-align: center;\"><strong><span style=\"color: #ff0000;\">FERIE W CKP DOBRZECH\u00d3W 2018<\/span><\/strong><\/p>\n<p style=\"text-align: justify;\">Centrum Kszta\u0142cenia Praktycznego w Dobrzechowie zaprasza uczni\u00f3w szk\u00f3\u0142 gimnazjalnych z terenu powiatu strzy\u017cowskiego na organizowane w czasie ferii zaj\u0119cia w dniu 29.01.2018 r.<\/p>\n<p style=\"text-align: justify;\">Mo\u017cliwe b\u0119dzie zapoznanie si\u0119 z nowoczesn\u0105 baz\u0105 dydaktyczn\u0105 oraz np. samodzielne sprawdzenie dzia\u0142ania hamulc\u00f3w na \u015bcie\u017cce diagnostycznej czy zdiagnozowanie usterek w silniku a tak\u017ce ustawienie geometrii za pomoc\u0105 urz\u0105dzenia 3D. W programie tak\u017ce zapoznanie z zasad\u0105 dzia\u0142ania tokarek i frezarek CNC oraz obrabiarek konwencjonalnych. B\u0119dzie mo\u017cna tak\u017ce zapozna\u0107 si\u0119 z zasad\u0105 dzia\u0142ania podzespo\u0142\u00f3w elektronicznych w pojazdach samochodowych na specjalnych trena\u017cerach.<\/p>\n<table border=\"2\">\n<tbody>\n<tr>\n<td width=\"86\"><strong>Data<\/strong><\/td>\n<td width=\"170\"><strong>Nazwa zaj\u0119\u0107 <\/strong><\/td>\n<td width=\"134\"><strong>Prowadz\u0105cy<\/strong><\/td>\n<td width=\"117\"><strong>Godziny<\/strong><\/td>\n<td width=\"97\"><strong>Sala<\/strong><\/td>\n<\/tr>\n<tr>\n<td width=\"86\">29.01.2018<\/td>\n<td width=\"170\">Frezarka CNC<\/td>\n<td width=\"134\">A. Czaczkowski<\/td>\n<td width=\"117\">09.00-13.00<\/td>\n<td width=\"97\">CKP 04<\/td>\n<\/tr>\n<tr>\n<td width=\"86\">29.01.2018<\/td>\n<td width=\"170\">Tokarka CNC<\/td>\n<td width=\"134\">D. Z\u0142otek<\/td>\n<td width=\"117\">09.00-13.00<\/td>\n<td width=\"97\">CKP 04<\/td>\n<\/tr>\n<tr>\n<td width=\"86\">29.01.2018<\/td>\n<td width=\"170\">Diagnostyka samochodowa<\/td>\n<td width=\"134\">M. Domaradzki<\/td>\n<td width=\"117\">09.00-13.00<\/td>\n<td width=\"97\">CKP 09<\/td>\n<\/tr>\n<tr>\n<td width=\"86\">29.01.2018<\/td>\n<td width=\"170\">Diagnozowanie silnik\u00f3w<\/td>\n<td width=\"134\">P. W\u0105\u015b;<br \/>\nW. Nowak<\/td>\n<td width=\"117\">09.00-13.00<\/td>\n<td width=\"97\">CKP 07<\/td>\n<\/tr>\n<tr>\n<td width=\"86\">29.01.2018<\/td>\n<td width=\"170\">Trena\u017cery uk\u0142ad\u00f3w elektrycznych i elektronicznych<\/td>\n<td width=\"134\">W. Gadamski<\/td>\n<td width=\"117\">09.00-13.00<\/td>\n<td width=\"97\">CKP 18<\/td>\n<\/tr>\n<tr>\n<td width=\"86\">29.01.2018<\/td>\n<td width=\"170\">Obrabiarki konwencjonalne<\/td>\n<td width=\"134\">M. Wrona<\/td>\n<td width=\"117\">09.00-13.00<\/td>\n<td width=\"97\">CKP 01<\/td>\n<\/tr>\n<tr>\n<td width=\"86\">29.01.2018<\/td>\n<td width=\"170\">Geometria na urz\u0105dzeniu 3D<\/td>\n<td width=\"134\">P. B\u0142\u0105dzi\u0144ski<\/td>\n<td width=\"117\">09.00-13.00<\/td>\n<td width=\"97\">CKP 09<\/td>\n<\/tr>\n<\/tbody>\n<\/table>\n<hr \/>\n<p><a href=\"https:\/\/ckzdobrzechow.edu.pl\/wp-content\/uploads\/2018\/01\/Dni_Otwarte_2018v6.jpg\"><img loading=\"lazy\" class=\"aligncenter wp-image-6248 size-full\" src=\"https:\/\/ckzdobrzechow.edu.pl\/wp-content\/uploads\/2018\/01\/Dni_Otwarte_2018v6.jpg\" alt=\"\" width=\"2564\" height=\"3593\" srcset=\"https:\/\/ckzdobrzechow.edu.pl\/wp-content\/uploads\/2018\/01\/Dni_Otwarte_2018v6.jpg 2564w, https:\/\/ckzdobrzechow.edu.pl\/wp-content\/uploads\/2018\/01\/Dni_Otwarte_2018v6-214x300.jpg 214w, https:\/\/ckzdobrzechow.edu.pl\/wp-content\/uploads\/2018\/01\/Dni_Otwarte_2018v6-768x1076.jpg 768w, https:\/\/ckzdobrzechow.edu.pl\/wp-content\/uploads\/2018\/01\/Dni_Otwarte_2018v6-731x1024.jpg 731w\" sizes=\"(max-width: 2564px) 100vw, 2564px\" \/><\/a><\/p>\n<p>&nbsp;<\/p>\n<hr \/>\n<p style=\"text-align: justify;\"><span style=\"color: #0000ff;\"><strong>Centrum Kszta\u0142cenia Praktycznego w Dobrzechowie <\/strong><\/span>zaprasza nauczycieli i uczni\u00f3w szk\u00f3\u0142 podstawowych i gimnazjalnych do odwiedzenia <span style=\"color: #ff0000;\"><strong>INTERAKTYWNEJ WYSTAWY \u201eEKSPERYMENTUJ\u201d <\/strong><\/span>zorganizowanej przez <span style=\"color: #ff0000;\"><strong>Centrum Nauki Kopernik \u00a0w Warszawie<\/strong><\/span>. Wystawie towarzyszy troje animator\u00f3w Centrum Nauki Kopernik. To\u00a0 eksperci i pasjonaci nauki, kt\u00f3rzy ch\u0119tnie obja\u015bni\u0105 zwiedzaj\u0105cym dzia\u0142anie eksponat\u00f3w i opowiedz\u0105 o zjawiskach naukowych. Wystawa odb\u0119dzie si\u0119 w <span style=\"color: #0000ff;\"><strong>Centrum Kszta\u0142cenia Praktycznego<\/strong>, <\/span><strong><span style=\"color: #0000ff;\">Dobrzech\u00f3w 471C<\/span>,<\/strong><\/p>\n<p style=\"text-align: center;\">w dniach:<\/p>\n<p style=\"text-align: center;\"><span style=\"color: #0000ff;\">11 grudnia \u2013 od 10<sup>00<\/sup> do 15<sup>00<\/sup><\/span><br \/>\n<span style=\"color: #0000ff;\"> 12 grudnia \u2013 od 8<sup>00<\/sup> do 13<sup>00<\/sup><\/span><\/p>\n<p style=\"text-align: center;\"><strong><em><u><br \/>\n<span style=\"color: #ff0000;\">Wst\u0119p\u00a0 bezp\u0142atny.<\/span><\/u><\/em><\/strong><\/p>\n<p style=\"text-align: center;\"><span style=\"color: #ff0000;\"><strong><em><u>Do udzia\u0142u zapraszamy wszystkich entuzjast\u00f3w nauki.<\/u><\/em><\/strong><\/span><\/p>\n<p><strong><em><u><br \/>\n<\/u><\/em><\/strong>Prosimy o potwierdzenie przybycia uczni\u00f3w wraz z opiekunem<br \/>\n(maksymalnie do 60 uczni\u00f3w w jednej grupie)\u00a0 w celu\u00a0 rezerwacji i ustalenia godziny wej\u015bcia, (<span style=\"color: #0000ff;\"><strong>tel.:<\/strong> <strong>17 2760135<\/strong><\/span>). Program wystawy zamieszczony poni\u017cej.<\/p>\n<p><strong><span style=\"color: #0000ff;\">Zapraszamy przy okazji do zwiedzania tak\u017ce naszej plac\u00f3wki.<\/span> <\/strong><strong>\u00a0\u00a0\u00a0\u00a0\u00a0\u00a0\u00a0\u00a0\u00a0\u00a0\u00a0\u00a0\u00a0\u00a0\u00a0\u00a0\u00a0\u00a0\u00a0\u00a0\u00a0\u00a0\u00a0\u00a0\u00a0<\/strong><!--more--><\/p>\n<p>Wi\u0119cej informacji o projekcie &#8220;NAUKOBUS&#8221; mo\u017cna znale\u015b\u0107 pod linkami:<\/p>\n<fieldset style=\"background-color: gainsboro; border: 2px solid crimson; padding: 3;\">\n<legend> <span style=\"color: navy;\"><b>Link<\/b><\/span><\/legend>\n<p style=\"text-align: left;\" align=\"center\"><span style=\"color: #6600cc;\"><a href=\"http:\/\/www.kopernik.org.pl\/dla-nauczycieli\/naukobus\/\"><img loading=\"lazy\" src=\"https:\/\/ckzdobrzechow.edu.pl\/wp-content\/uploads\/2014\/11\/hiperlacza.png\" alt=\"\" width=\"50\" height=\"50\" align=\"center\" border=\"0\" hspace=\"5\" \/><\/a><a href=\"http:\/\/www.kopernik.org.pl\/dla-nauczycieli\/naukobus\/\">Centrum Nauki Kopernik<\/a><\/span><\/p>\n<p align=\"left\"><span style=\"color: #6600cc;\"><a href=\"https:\/\/ckzdobrzechow.edu.pl\/wp-content\/uploads\/2017\/12\/Wystawa-w-CKP.pdf\"><img loading=\"lazy\" src=\"https:\/\/ckzdobrzechow.edu.pl\/wp-content\/uploads\/2014\/10\/FDD.png\" alt=\"\" width=\"40\" height=\"40\" align=\"left\" border=\"0\" hspace=\"5\" \/><\/a><a href=\"https:\/\/ckzdobrzechow.edu.pl\/wp-content\/uploads\/2017\/12\/Wystawa-w-CKP.pdf\">PLAKAT INFORMACYJNY<\/a><\/span><\/p>\n<\/fieldset>\n<p><a href=\"https:\/\/ckzdobrzechow.edu.pl\/wp-content\/uploads\/2017\/12\/Naukobus.jpg\"><img loading=\"lazy\" class=\"aligncenter size-full wp-image-5714\" src=\"https:\/\/ckzdobrzechow.edu.pl\/wp-content\/uploads\/2017\/12\/Naukobus.jpg\" alt=\"\" width=\"744\" height=\"1042\" srcset=\"https:\/\/ckzdobrzechow.edu.pl\/wp-content\/uploads\/2017\/12\/Naukobus.jpg 744w, https:\/\/ckzdobrzechow.edu.pl\/wp-content\/uploads\/2017\/12\/Naukobus-214x300.jpg 214w, https:\/\/ckzdobrzechow.edu.pl\/wp-content\/uploads\/2017\/12\/Naukobus-731x1024.jpg 731w\" sizes=\"(max-width: 744px) 100vw, 744px\" \/><\/a><\/p>\n<hr \/>\n<hr \/>\n<hr \/>\n<p style=\"text-align: center;\"><strong><span style=\"color: #ff0000;\">Ferie w CKP Dobrzech\u00f3w<\/span><\/strong><\/p>\n<p style=\"text-align: justify;\">Centrum Kszta\u0142cenia Praktycznego w Dobrzechowie zaprasza uczni\u00f3w szk\u00f3\u0142 gimnazjalnych z terenu powiatu strzy\u017cowskiego na organizowane w czasie ferii zaj\u0119cia w dniu 16.01.2017 r.<\/p>\n<p style=\"text-align: justify;\">Mo\u017cliwe b\u0119dzie zapoznanie si\u0119 z nowoczesn\u0105 baz\u0105 dydaktyczn\u0105 oraz np. samodzielne \u00a0sprawdzenie dzia\u0142ania hamulc\u00f3w na \u015bcie\u017cce diagnostycznej czy zdiagnozowanie usterek w silniku a tak\u017ce ustawienie geometrii za pomoc\u0105 urz\u0105dzenia 3D. W programie tak\u017ce zapoznanie z zasad\u0105 dzia\u0142ania tokarek i frezarek CNC oraz obrabiarek konwencjonalnych. B\u0119dzie mo\u017cna tak\u017ce zapozna\u0107 si\u0119 z zasad\u0105 dzia\u0142ania podzespo\u0142\u00f3w elektronicznych w pojazdach samochodowych na specjalnych trena\u017cerach.<\/p>\n<table border=\"2\">\n<tbody>\n<tr>\n<td width=\"86\"><strong>Data<\/strong><\/td>\n<td width=\"170\"><strong>Nazwa zaj\u0119\u0107 <\/strong><\/td>\n<td width=\"134\"><strong>Prowadz\u0105cy<\/strong><\/td>\n<td width=\"117\"><strong>Godziny<\/strong><\/td>\n<td width=\"97\"><strong>Sala<\/strong><\/td>\n<\/tr>\n<tr>\n<td width=\"86\">16.01.2017r<\/td>\n<td width=\"170\">Frezarka CNC<\/td>\n<td width=\"134\">A. Czaczkowski<\/td>\n<td width=\"117\">09.00-13.00<\/td>\n<td width=\"97\">CKP 04<\/td>\n<\/tr>\n<tr>\n<td width=\"86\">16.01.2017r<\/td>\n<td width=\"170\">Tokarka CNC<\/td>\n<td width=\"134\">D. Z\u0142otek<\/td>\n<td width=\"117\">09.00-13.00<\/td>\n<td width=\"97\">CKP 04<\/td>\n<\/tr>\n<tr>\n<td width=\"86\">16.01.2017r<\/td>\n<td width=\"170\">Diagnostyka samochodowa<\/td>\n<td width=\"134\">M. Domaradzki<\/td>\n<td width=\"117\">09.00-13.00<\/td>\n<td width=\"97\">CKP 09<\/td>\n<\/tr>\n<tr>\n<td width=\"86\">16.01.2017r<\/td>\n<td width=\"170\">Diagnozowanie silnik\u00f3w<\/td>\n<td width=\"134\">P. W\u0105\u015b;<br \/>\nW. Nowak<\/td>\n<td width=\"117\">09.00-13.00<\/td>\n<td width=\"97\">CKP 07<\/td>\n<\/tr>\n<tr>\n<td width=\"86\">16.01.2017r<\/td>\n<td width=\"170\">Trena\u017cery uk\u0142ad\u00f3w elektrycznych i elektronicznych<\/td>\n<td width=\"134\">W. Gadamski<\/td>\n<td width=\"117\">09.00-13.00<\/td>\n<td width=\"97\">CKP 18<\/td>\n<\/tr>\n<tr>\n<td width=\"86\">16.01.2017r<\/td>\n<td width=\"170\">Obrabiarki konwencjonalne<\/td>\n<td width=\"134\">M. Wrona<\/td>\n<td width=\"117\">09.00-13.00<\/td>\n<td width=\"97\">CKP 01<\/td>\n<\/tr>\n<tr>\n<td width=\"86\">16.01.2017r<\/td>\n<td width=\"170\">Geometria na urz\u0105dzeniu 3D<\/td>\n<td width=\"134\">P. B\u0142\u0105dzi\u0144ski<\/td>\n<td width=\"117\">09.00-13.00<\/td>\n<td width=\"97\">CKP 09<\/td>\n<\/tr>\n<\/tbody>\n<\/table>\n<hr \/>\n<p><a href=\"https:\/\/ckzdobrzechow.edu.pl\/wp-content\/uploads\/2014\/12\/ckp-ferie-2017.jpg\"><img loading=\"lazy\" class=\"aligncenter wp-image-4330 size-full\" src=\"https:\/\/ckzdobrzechow.edu.pl\/wp-content\/uploads\/2014\/12\/ckp-ferie-2017.jpg\" alt=\"\" width=\"640\" height=\"893\" srcset=\"https:\/\/ckzdobrzechow.edu.pl\/wp-content\/uploads\/2014\/12\/ckp-ferie-2017.jpg 640w, https:\/\/ckzdobrzechow.edu.pl\/wp-content\/uploads\/2014\/12\/ckp-ferie-2017-215x300.jpg 215w\" sizes=\"(max-width: 640px) 100vw, 640px\" \/><\/a><\/p>\n<p>&nbsp;<\/p>\n<hr \/>\n<hr \/>\n<p style=\"text-align: justify;\"><strong><span style=\"color: black;\">Dyrektor Centrum Kszta\u0142cenia Praktycznego w Dobrzechowie informuje, \u017ce wszyscy uczniowie, kt\u00f3rzy rozpoczn\u0105 nauk\u0119 w Centrum na kierunkach mechanicznych i samochodowych od roku szkolnego 2016\/2017 i b\u0119d\u0105 odbywali zaj\u0119cia praktyczne w Centrum, otrzymaj\u0105 bezp\u0142atnie ubranie i buty robocze \u00a0do zaj\u0119\u0107 praktycznych. <\/span><\/strong><\/p>\n<hr \/>\n<p>&nbsp;<\/p>\n<p style=\"text-align: justify;\"><strong>Dyrektor \u00a0i nauczyciele Centrum Kszta\u0142cenia Praktycznego w Dobrzechowie zapraszaj\u0105 uczni\u00f3w Gimnazjum na dzie\u0144 otwartych drzwi ZST w Strzy\u017cowie oraz CKP w Dobrzechowie, kt\u00f3ry odb\u0119dzie si\u0119 w dniu 19.05.2016 tj. czwartek.<\/strong><\/p>\n<p style=\"text-align: justify;\"><strong>W programie zwiedzanie laboratori\u00f3w i pracowni do przedmiot\u00f3w zawodowych oraz b\u0119dzie mo\u017cna uczestniczy\u0107 w zaj\u0119ciach praktycznych w zawodzie technik mechanik, technik pojazd\u00f3w samochodowych oraz mechanik pojazd\u00f3w samochodowych. Serdecznie zapraszamy wszystkich zainteresowanych.\u00a0<\/strong><\/p>\n<p><a href=\"https:\/\/ckzdobrzechow.edu.pl\/type\/gallery\/\"><img loading=\"lazy\" class=\"wp-image-3793 aligncenter\" src=\"https:\/\/ckzdobrzechow.edu.pl\/wp-content\/uploads\/2016\/05\/ckp-dni-otwarte-v2-214x300.jpg\" alt=\"ckp dni otwarte v2\" width=\"295\" height=\"414\" srcset=\"https:\/\/ckzdobrzechow.edu.pl\/wp-content\/uploads\/2016\/05\/ckp-dni-otwarte-v2-214x300.jpg 214w, https:\/\/ckzdobrzechow.edu.pl\/wp-content\/uploads\/2016\/05\/ckp-dni-otwarte-v2-730x1024.jpg 730w\" sizes=\"(max-width: 295px) 100vw, 295px\" \/><\/a><\/p>\n<hr \/>\n<p style=\"text-align: center;\">Ferie w CKP Dobrzech\u00f3w<\/p>\n<p style=\"text-align: justify;\">Centrum Kszta\u0142cenia Praktycznego w Dobrzechowie zaprasza uczni\u00f3w szk\u00f3\u0142 gimnazjalnych z terenu powiatu strzy\u017cowskiego na organizowane w czasie ferii zaj\u0119cia.<\/p>\n<p style=\"text-align: justify;\">Mo\u017cliwe b\u0119dzie zapoznanie si\u0119 z nowoczesn\u0105 baz\u0105 dydaktyczn\u0105 oraz np. samodzielne \u00a0sprawdzenie dzia\u0142ania hamulc\u00f3w na \u015bcie\u017cce diagnostycznej czy zdiagnozowanie usterek w silniku a tak\u017ce ustawienie geometrii za pomoc\u0105 urz\u0105dzenia 3D. W programie tak\u017ce zapoznanie z zasad\u0105 dzia\u0142ania tokarek i frezarek CNC oraz obrabiarek konwencjonalnych. B\u0119dzie mo\u017cna tak\u017ce zapozna\u0107 si\u0119 z zasad\u0105 dzia\u0142ania podzespo\u0142\u00f3w elektronicznych w pojazdach samochodowych na specjalnych trena\u017cerach. Wszystkich ch\u0119tnych prosimy \u00a0o wysy\u0142anie zg\u0142osze\u0144 na \u00a0\u00a0ckpdobrzechow.promocja@wp.pl\u00a0do 12.02.2016r. Pe\u0142ny harmonogram zaj\u0119\u0107 znajduje si\u0119 w zak\u0142adce: informacje dla gimnazjalist\u00f3w.<\/p>\n<p>&nbsp;<\/p>\n<table border=\"2\">\n<tbody>\n<tr>\n<td width=\"86\"><strong>Data<\/strong><\/td>\n<td width=\"170\"><strong>Nazwa zaj\u0119\u0107 <\/strong><\/td>\n<td width=\"134\"><strong>Prowadz\u0105cy<\/strong><\/td>\n<td width=\"117\"><strong>Godziny<\/strong><\/td>\n<td width=\"97\"><strong>Sala<\/strong><\/td>\n<\/tr>\n<tr>\n<td width=\"86\">15.02.2016r 16.02.2016r<\/td>\n<td width=\"170\">Frezarka CNC<\/td>\n<td width=\"134\">A. Czaczkowski<\/td>\n<td width=\"117\">11.00-15.00<\/td>\n<td width=\"97\">CKP 04<\/td>\n<\/tr>\n<tr>\n<td width=\"86\">15.02.2016r 16.02.2016r<\/td>\n<td width=\"170\">Tokarka CNC<\/td>\n<td width=\"134\">D. Z\u0142otek<\/td>\n<td width=\"117\">11.00-15.00<\/td>\n<td width=\"97\">CKP 04<\/td>\n<\/tr>\n<tr>\n<td width=\"86\">15.02.2016r 22.02.2016r<\/td>\n<td width=\"170\">Diagnostyka samochodowa<\/td>\n<td width=\"134\">M. Domaradzki<\/td>\n<td width=\"117\">11.00-15.00<\/td>\n<td width=\"97\">CKP 09<\/td>\n<\/tr>\n<tr>\n<td width=\"86\">15.02.2016r 16.02.2016r<\/td>\n<td width=\"170\">Diagnozowanie silnik\u00f3w<\/td>\n<td width=\"134\">B. Dudzi\u0144ski<\/td>\n<td width=\"117\">11.00-15.00<\/td>\n<td width=\"97\">CKP 07<\/td>\n<\/tr>\n<tr>\n<td width=\"86\">22.02.2016r 23.02.2016r<\/td>\n<td width=\"170\">Trena\u017cery uk\u0142ad\u00f3w elektrycznych i elektronicznych<\/td>\n<td width=\"134\">W. Gadamski<\/td>\n<td width=\"117\">11.00-15.00<\/td>\n<td width=\"97\">CKP 18<\/td>\n<\/tr>\n<tr>\n<td width=\"86\">15.02.2016r 16.02.2016r<\/td>\n<td width=\"170\">Obrabiarki konwencjonalne<\/td>\n<td width=\"134\">M. Wrona<\/td>\n<td width=\"117\">11.00-15.00<\/td>\n<td width=\"97\">CKP 01<\/td>\n<\/tr>\n<tr>\n<td width=\"86\">15.02.2016r 16.02.2016r<\/td>\n<td width=\"170\">Geometria na urz\u0105dzeniu 3D<\/td>\n<td width=\"134\">P. B\u0142\u0105dzi\u0144ski<\/td>\n<td width=\"117\">11.00-15.00<\/td>\n<td width=\"97\">CKP 09<\/td>\n<\/tr>\n<\/tbody>\n<\/table>\n<hr \/>\n<p><a href=\"https:\/\/ckzdobrzechow.edu.pl\/wp-content\/uploads\/2014\/12\/ckp-ferie_v2-Mini.png\"><img loading=\"lazy\" class=\"aligncenter size-medium wp-image-3524\" src=\"https:\/\/ckzdobrzechow.edu.pl\/wp-content\/uploads\/2014\/12\/ckp-ferie_v2-Mini-213x300.png\" alt=\"ckp ferie_v2 - Mini\" width=\"213\" height=\"300\" srcset=\"https:\/\/ckzdobrzechow.edu.pl\/wp-content\/uploads\/2014\/12\/ckp-ferie_v2-Mini-213x300.png 213w, https:\/\/ckzdobrzechow.edu.pl\/wp-content\/uploads\/2014\/12\/ckp-ferie_v2-Mini.png 641w\" sizes=\"(max-width: 213px) 100vw, 213px\" \/><\/a><\/p>\n<p>&nbsp;<\/p>\n<hr \/>\n<hr \/>\n<p><a href=\"https:\/\/ckzdobrzechow.edu.pl\/wp-content\/uploads\/2015\/05\/Plakat-PPNT.jpg\"><img loading=\"lazy\" class=\"aligncenter wp-image-2675\" src=\"https:\/\/ckzdobrzechow.edu.pl\/wp-content\/uploads\/2015\/05\/Plakat-PPNT-300x168.jpg\" alt=\"Plakat PPNT\" width=\"370\" height=\"207\" srcset=\"https:\/\/ckzdobrzechow.edu.pl\/wp-content\/uploads\/2015\/05\/Plakat-PPNT-300x168.jpg 300w, https:\/\/ckzdobrzechow.edu.pl\/wp-content\/uploads\/2015\/05\/Plakat-PPNT-1024x576.jpg 1024w, https:\/\/ckzdobrzechow.edu.pl\/wp-content\/uploads\/2015\/05\/Plakat-PPNT.jpg 1920w\" sizes=\"(max-width: 370px) 100vw, 370px\" \/><\/a><\/p>\n<p>&nbsp;<\/p>\n<hr \/>\n<p>&nbsp;<\/p>\n<p><a href=\"https:\/\/ckzdobrzechow.edu.pl\/wp-content\/uploads\/2014\/12\/plakat.jpg\"><img loading=\"lazy\" class=\"size-medium wp-image-1935 aligncenter\" src=\"https:\/\/ckzdobrzechow.edu.pl\/wp-content\/uploads\/2014\/12\/plakat-214x300.jpg\" alt=\"plakat\" width=\"214\" height=\"300\" srcset=\"https:\/\/ckzdobrzechow.edu.pl\/wp-content\/uploads\/2014\/12\/plakat-214x300.jpg 214w, https:\/\/ckzdobrzechow.edu.pl\/wp-content\/uploads\/2014\/12\/plakat.jpg 320w\" sizes=\"(max-width: 214px) 100vw, 214px\" \/><\/a><\/p>\n<p>Harmonogram zaj\u0119\u0107 dla uczni\u00f3w gimnazj\u00f3w organizowanych przez Zesp\u00f3\u0142 Szk\u00f3\u0142 Technicznych w Strzy\u017cowie i Centrum Kszta\u0142cenia Praktycznego w Dobrzechowie.<\/p>\n<table border=\"2\">\n<tbody>\n<tr>\n<td><b>Nazwa zaj\u0119\u0107<\/b><\/td>\n<td><b>Nauczyciel prowadz\u0105cy<\/b><\/td>\n<td><b>Sala<\/b><\/td>\n<td><b>Termin zaj\u0119\u0107<\/b><\/td>\n<td><b>Godzina zaj\u0119\u0107<\/b><\/td>\n<\/tr>\n<tr>\n<td>Turniej szachowy<\/td>\n<td>M. Wilczewski<\/td>\n<td><\/td>\n<td>07.02.0215<\/td>\n<td><\/td>\n<\/tr>\n<tr>\n<td>Zaj\u0119cia na strzelnicy<\/td>\n<td>M. Wilczewski<\/td>\n<td>strzelnica<\/td>\n<td>05.02.2015<\/td>\n<td>09.00-11.00<\/td>\n<\/tr>\n<tr>\n<td>Pokazy carving<\/td>\n<td>M. Borkowska<\/td>\n<td>ZST- sala B6<\/td>\n<td><\/td>\n<td><\/td>\n<\/tr>\n<tr>\n<td>Pokazy robot\u00f3w<\/td>\n<td>J. Krok-Rysz<\/td>\n<td>ZST- sala B11<\/td>\n<td>5.02.2015<br \/>\n6.02.2015<\/td>\n<td>08.00-10.00<\/td>\n<\/tr>\n<tr>\n<td>Pokazy fryzjerskie<\/td>\n<td>K. Regu\u0142a<\/td>\n<td>ZST- sala C13<\/td>\n<td>5.02.2015<br \/>\n6.02.2015<\/td>\n<td>11.00-13.00<\/td>\n<\/tr>\n<tr>\n<td>Wielka gra- j\u0119zyki obce<\/td>\n<td>J. Butkiewicz, B. Pi\u0119ciak<\/td>\n<td>ZST- sala C12<\/td>\n<td>5.02.2015<br \/>\n6.02.2015<\/td>\n<td>10.00-12.00<\/td>\n<\/tr>\n<tr>\n<td>Dzie\u0144 z Counter Strike<\/td>\n<td>P. Bryda, G. Kawa<\/td>\n<td>ZST- sala B12<\/td>\n<td>6.02.2015<\/td>\n<td>08.00-15.00<\/td>\n<\/tr>\n<tr>\n<td>Matematyka<\/td>\n<td>P. Tomkowicz<\/td>\n<td>ZST- sala B3<\/td>\n<td>5.02.2015<br \/>\n6.02.2015<\/td>\n<td>09.00-11.00<\/td>\n<\/tr>\n<tr>\n<td>Diagnostyka samochodowa<\/td>\n<td>M. Domaradzki<\/td>\n<td>CKP 09 laboratorium diagnostyki samochodowej<\/td>\n<td>11.02.2015<\/td>\n<td>08.00-10.00<\/td>\n<\/tr>\n<tr>\n<td>Panele elektryczne<\/td>\n<td>W. Gadamski<\/td>\n<td>CKP 18- klasopracownia<br \/>\npojzad\u00f3w samochodowych<\/td>\n<td>11.02.2015<\/td>\n<td>10.00-12.00<\/td>\n<\/tr>\n<tr>\n<td>Kurs AutoCad<\/td>\n<td>W. Gadamski<\/td>\n<td>CKP 19 klasopracownia CAD\/CAM<\/td>\n<td>11.02.2015<\/td>\n<td>08.00-10.00<\/td>\n<\/tr>\n<tr>\n<td>Diagnostyka silnik\u00f3w<\/td>\n<td>R. Stolarski<\/td>\n<td>CKP 07 laboratorium silnik\u00f3w i konstrukcji<\/td>\n<td>11.02.2015<\/td>\n<td>08.00-9.00<\/td>\n<\/tr>\n<\/tbody>\n<\/table>\n<p><b>Turniej szachowy<\/b>&#8211; zosta\u0144 mistrzem pokonaj innych poka\u017c \u017ce potrafisz doskonale planowa\u0107 i przewidywa\u0107<\/p>\n<p><b>Pokazy carving<\/b>&#8211; przyjd\u017a i zobacz jak owoce mog\u0105 sta\u0107 si\u0119 dzie\u0142em sztuki,<\/p>\n<p><b>Pokazy robot\u00f3w<\/b>&#8211; zaprogramuj robota i spraw by sta\u0142 si\u0119 twoim s\u0142ug\u0105,<\/p>\n<p><b>Matematyka<\/b>&#8211; przekonaj si\u0119 \u017ce matematyka nie taka straszna,<\/p>\n<p><b>Pokazy fryzjerskie<\/b>&#8211; to frajda zacznij od manekin\u00f3w a by\u0107 mo\u017ce skusi si\u0119 kole\u017canka lub kolega i tak posi\u0105dziesz nowy fach,<\/p>\n<p><b>Wielka gra- j\u0119zyki obce<\/b>&#8211; we\u017a udzia\u0142 w quizie w j\u0119zyku obcym i por\u00f3wnaj swoje odpowiedzi z innymi uczestnikami a mo\u017ce by\u0107 zabawnie,<\/p>\n<p><b>Zaj\u0119cia na strzelnicy-<\/b> ustrzel sobie nowe hobby,<\/p>\n<p><b>Dzie\u0144 z Counter Strike-<\/b> sprawd\u017a czy jeste\u015b sprytniejszy i szybszy ni\u017c inni,<\/p>\n<p><b>Diagnostyka samochodowa<\/b>&#8211; wpadnij zrobimy ci przegl\u0105d,<\/p>\n<p><b>Panele elektryczne<\/b>&#8211; dowiedz si\u0119 jak \u015bwiec\u0105 \u015bwiat\u0142a w samochodzie.<\/p>\n<p>Zapisy na zstpromocja@o2.pl w zg\u0142oszeniu wpisz : imi\u0119 i nazwisko, nazw\u0119 szko\u0142y, termin i nazw\u0119 zaj\u0119\u0107 na kt\u00f3re chcesz si\u0119 zapisa\u0107 , otrzymasz wiadomo\u015b\u0107 zwrotn\u0105 z potwierdzeniem udzia\u0142u, je\u015bli masz jakiekolwiek pytania pisz do nas.<\/p>\n","protected":false},"excerpt":{"rendered":"<p>FERIE W CKP DOBRZECH\u00d3W 2018 Centrum Kszta\u0142cenia Praktycznego w Dobrzechowie zaprasza uczni\u00f3w szk\u00f3\u0142 gimnazjalnych z terenu powiatu strzy\u017cowskiego na organizowane w czasie ferii zaj\u0119cia w dniu 29.01.2018 r. Mo\u017cliwe b\u0119dzie zapoznanie si\u0119 z nowoczesn\u0105 baz\u0105 dydaktyczn\u0105 oraz np. samodzielne sprawdzenie dzia\u0142ania hamulc\u00f3w na \u015bcie\u017cce diagnostycznej czy zdiagnozowanie usterek w silniku a tak\u017ce ustawienie geometrii za &hellip; <a href=\"https:\/\/ckzdobrzechow.edu.pl\/egzamin-czeladniczy-zsz\/\" class=\"more-link\">Czytaj dalej <span class=\"screen-reader-text\">INFORMACJE DLA GIMNAZJALIST\u00d3W<\/span> <span class=\"meta-nav\">&rarr;<\/span><\/a><\/p>\n","protected":false},"author":9,"featured_media":0,"parent":0,"menu_order":0,"comment_status":"closed","ping_status":"closed","template":"","meta":{"_mi_skip_tracking":false},"_links":{"self":[{"href":"https:\/\/ckzdobrzechow.edu.pl\/wp-json\/wp\/v2\/pages\/1678"}],"collection":[{"href":"https:\/\/ckzdobrzechow.edu.pl\/wp-json\/wp\/v2\/pages"}],"about":[{"href":"https:\/\/ckzdobrzechow.edu.pl\/wp-json\/wp\/v2\/types\/page"}],"author":[{"embeddable":true,"href":"https:\/\/ckzdobrzechow.edu.pl\/wp-json\/wp\/v2\/users\/9"}],"replies":[{"embeddable":true,"href":"https:\/\/ckzdobrzechow.edu.pl\/wp-json\/wp\/v2\/comments?post=1678"}],"version-history":[{"count":28,"href":"https:\/\/ckzdobrzechow.edu.pl\/wp-json\/wp\/v2\/pages\/1678\/revisions"}],"predecessor-version":[{"id":6250,"href":"https:\/\/ckzdobrzechow.edu.pl\/wp-json\/wp\/v2\/pages\/1678\/revisions\/6250"}],"wp:attachment":[{"href":"https:\/\/ckzdobrzechow.edu.pl\/wp-json\/wp\/v2\/media?parent=1678"}],"curies":[{"name":"wp","href":"https:\/\/api.w.org\/{rel}","templated":true}]}}