{"id":2014,"date":"2015-02-17T10:02:31","date_gmt":"2015-02-17T09:02:31","guid":{"rendered":"http:\/\/ckpdobrzechow.edu.pl\/?page_id=2014"},"modified":"2016-07-14T13:53:26","modified_gmt":"2016-07-14T12:53:26","slug":"ogloszenie-operatora-ckp","status":"publish","type":"page","link":"https:\/\/ckzdobrzechow.edu.pl\/ogloszenie-operatora-ckp\/","title":{"rendered":"TWORZENIE STRON INTERNETOWYCH \u2013 SZKOLENIE 30-31.07.2016"},"content":{"rendered":"<p>TWORZENIE STRON INTERNETOWYCH \u2013 SZKOLENIE 30-31.07.2016<\/p>\n<p>Z my\u015bl\u0105 o ma\u0142ych firmach, kt\u00f3re chc\u0105 zaistnie\u0107 na rynku oraz wi\u0119kszych, kt\u00f3re chcia\u0142yby, aby obs\u0142uga strony internetowej nie stanowi\u0142a problemu dla \u017cadnego pracownika przygotowali\u015bmy szkolenie z zakresu <strong>Tworzenia stron internetowych<\/strong><\/p>\n<p><strong>Program kursu:<\/strong><\/p>\n<ul>\n<li>zapoznanie z zasadami projektowania i tworzenia witryny internetowej<\/li>\n<li>konfiguracja \u015brodowiska tworzenia stron internetowych, serwer WWW, edytor j\u0119zyka programowania<\/li>\n<li>utworzenie prostej strony w j\u0119zyku HTML, u\u017cycie podstawowych znacznik\u00f3w HTML, dodanie odno\u015bnik\u00f3w do innych stron, zamieszczanie obraz\u00f3w na tworzonej stronie<\/li>\n<li>zdefiniowanie wygl\u0105du strony przy u\u017cyciu kaskadowych arkuszy styl\u00f3w, tworzenie menu witryny i podstron, tworzenie nag\u0142\u00f3wka i stopki<\/li>\n<li>nawigacja pomi\u0119dzy stronami i podstronami witryny<\/li>\n<li>udost\u0119pnianie stworzonej witryny w sieci<\/li>\n<li>testowanie dzia\u0142ania stworzonej witryny.<\/li>\n<\/ul>\n<p><strong>\u00a0<\/strong>Ze szkolenia mog\u0105 skorzysta\u0107 r\u00f3wnie\u017c osoby fizyczne pragn\u0105ce poszerzy\u0107 swoje umiej\u0119tno\u015bci i zyska\u0107 nowe kwalifikacje.<\/p>\n<p>Termin szkolenia: 31-31 lipiec 2016r., do ew. uzgodnienia<\/p>\n<p>Koszt: 290 z\u0142<\/p>\n<p><span style=\"color: #ff0000;\">Zg\u0142oszenia przyjmujemy do 22 lipca !!!<\/span><\/p>\n<p>Wi\u0119cej informacji znajd\u0105 Pa\u0144stwo na naszej stronie <a href=\"https:\/\/ckzdobrzechow.edu.pl\/elektronika\/\"><strong>&#8212;&gt; <\/strong><\/a><\/p>\n<p>Zapraszamy do udzia\u0142u !<\/p>\n<p>Tel. 797 600 308<br \/>\ne-mail: <a href=\"mailto:alina_stryjnik@marr.com.pl\">szkolenia@marr.com.pl<\/a><\/p>\n<hr \/>\n<p>&nbsp;<\/p>\n<p style=\"text-align: center;\">SZKOLENIA TECHNICZNE DLA DOROS\u0141YCH<\/p>\n<p style=\"text-align: center;\">Agencja Rozwoju Regionalnego MARR S.A. zaprasza do udzia\u0142u w specjalistycznych szkoleniach, organizowanych w Centrum Kszta\u0142cenia Praktycznego w Dobrzechowie, wyposa\u017conym w specjalistyczne maszyny i urz\u0105dzenia.<\/p>\n<p style=\"text-align: center;\">W Centrum organizujemy kursy z dziedziny<\/p>\n<p style=\"text-align: center;\"><strong>metrologii, obr\u00f3bki skrawaniem,<br \/>\ndiagnostyki i naprawy pojazd\u00f3w samochodowych<\/strong><\/p>\n<p style=\"text-align: center;\">w tym m.in. kurs:<\/p>\n<ul>\n<li>\u00a0<strong>OPERATOR CENTRUM OBR\u00d3BCZEGO CNC <\/strong>\u2013 <a href=\"https:\/\/ckzdobrzechow.edu.pl\/wp-content\/uploads\/2015\/03\/4.-Operator-centrum-obr%C3%B3bczego1.pdf\">szczeg\u00f3\u0142owe informacje<\/a><\/li>\n<li><strong>OPERATOR TOKARKI CNC ZE STEROWANIEM HEIDENHAIN <\/strong>\u2013 <a href=\"https:\/\/ckzdobrzechow.edu.pl\/wp-content\/uploads\/2015\/07\/1.-operator-tokarki-CNC.pdf\">szczeg\u00f3\u0142owe informacje<\/a><\/li>\n<li><strong>KURS METROLOGII \u2013<a href=\"https:\/\/ckzdobrzechow.edu.pl\/wp-content\/uploads\/2015\/02\/1-Metrologia.pdf\">szczeg\u00f3\u0142owe informacje <\/a><br \/>\n<\/strong><\/li>\n<li><strong>KURSY NABYCIA UMIEJ\u0118TNO\u015aCI Z ZAKRESU DIAGNOSTYKI I NAPRAWY POJAZD\u00d3W SAMOCHODOWYCH<\/strong> \u2013 <a href=\"https:\/\/ckzdobrzechow.edu.pl\/diagnostyka-naprawa-samochodow\/\">szczeg\u00f3\u0142owe informacje<\/a><\/li>\n<li>INNE, DEDYKOWANE DLA FIRMY SZKOLENIA, PROWADZONE Z WYKORZYSTANIEM WYPOSA\u017bENIA CKP<\/li>\n<\/ul>\n<p><span style=\"text-decoration: underline;\"><strong>\u00a0<\/strong>Forma szkole\u0144<\/span>: otwarta lub zamkni\u0119ta<br \/>\n<span style=\"text-decoration: underline;\">Termin szkolenia<\/span>: ustalany po zebraniu grupy szkoleniowej i dostosowywany do preferencji uczestnik\u00f3w<br \/>\n<span style=\"text-decoration: underline;\">Uczestnicy:<\/span> pracownicy, kierowani przez firmy lub osoby fizyczne.<\/p>\n<p style=\"text-align: center;\">Zainteresowanych udzia\u0142em prosimy o wype\u0142nienie za\u0142\u0105czonego formularza zg\u0142oszeniowego i przes\u0142anie na adres <a href=\"mailto:szkolenia@marr.com.pl\">szkolenia@marr.com.pl<\/a><\/p>\n<p style=\"text-align: center;\"><strong>\u00a0<\/strong>Zapraszamy do kontaktu<\/p>\n<p style=\"text-align: center;\">Tel. 797\u00a0600\u00a0308, e-mail: <a href=\"mailto:szkolenia@marr.com\">szkolenia@marr.com<\/a><\/p>\n<h2 style=\"text-align: center;\"><\/h2>\n<h2 style=\"text-align: center;\"><strong>OPERATOR TOKARKI CNC<br \/>\nZE STEROWANIEM HEIDENHAIN<\/strong><\/h2>\n<p style=\"text-align: center;\">Agencja Rozwoju Regionalnego MARR S.A. zaprasza do udzia\u0142u<br \/>\nw kursie pn.<br \/>\n<strong>OPERATOR TOKARKI CNC ZE STEROWANIEM HEIDENHAIN<\/strong><br \/>\nUczestnicy kursu nab\u0119d\u0105 wiedz\u0119 oraz umiej\u0119tno\u015bci praktyczne z zakresu programowania oraz obs\u0142ugi tokarki CNC (DMG) i zostan\u0105 przygotowani do samodzielnej pracy na stanowisku operatora tokarki CNC.<\/p>\n<p style=\"text-align: center;\"><strong>Zaj\u0119cia rozpoczn\u0105 si\u0119 we wrze\u015bniu 2015r.<br \/>\n<\/strong> i b\u0119d\u0105 prowadzone w systemie weekendowym (110 godzin dydaktycznych &#8211; ok. 12 dni).<br \/>\nDla zainteresowanych kszta\u0142ceniem si\u0119 w dni pracuj\u0105ce istnieje mo\u017cliwo\u015b\u0107 zorganizowania dodatkowego terminu.<br \/>\n<strong>Miejsce szkolenia:<\/strong> Regionalne Centrum Edukacji Zawodowej i Nowoczesnych Technologii w Dobrzechowie\/ k. Strzy\u017cowa.<br \/>\n<strong>Koszt udzia\u0142u:<\/strong> 1 690 z\u0142<\/p>\n<p style=\"text-align: center;\">Program szkolenia \u2013 <a href=\"https:\/\/ckzdobrzechow.edu.pl\/wp-content\/uploads\/2015\/07\/1.-operator-tokarki-CNC.pdf\">plik do pobrania<\/a><\/p>\n<p style=\"text-align: center;\">Zainteresowanych udzia\u0142em zapraszamy do wype\u0142nienia za\u0142\u0105czonego formularza zg\u0142oszeniowego:<br \/>\nFormularz zg\u0142oszeniowy &#8211; <a href=\"https:\/\/ckzdobrzechow.edu.pl\/wp-content\/uploads\/2015\/07\/formularz-zg\u0142oszeniowy.docx\">plik do pobrania<\/a><\/p>\n<p style=\"text-align: center;\">Dla doje\u017cd\u017caj\u0105cych istnieje mo\u017cliwo\u015b\u0107 zorganizowania na atrakcyjnych warunkach noclegu w Zespole Parkowo \u2013 Dworskim i Folwarcznym w Wi\u015bniowej.<\/p>\n<p>&nbsp;<\/p>\n<p style=\"text-align: center;\"><strong>Zapraszamy do udzia\u0142u!<\/strong><\/p>\n<p><center>Gra\u017cyna Gajek, tel. 707 600 315 lub 17 788 18 52<br \/>\nAlina Stryjnik, tel. 797 600 308 lub 17 773 82 54<br \/>\ne-mail: szkolenia@marr.com.pl<\/center><\/p>\n<hr \/>\n<p>&nbsp;<\/p>\n<p style=\"text-align: center;\"><span style=\"color: #008000;\">NOWE SZKOLENIE \u2013 TWORZENIE STRON INTERNETOWYCH<\/span><\/p>\n<hr \/>\n<p style=\"text-align: center;\">Informujemy, \u017ce z my\u015bl\u0105 o ma\u0142ych firmach, kt\u00f3re chc\u0105 zaistnie\u0107 na rynku oraz wi\u0119kszych, kt\u00f3re chcia\u0142yby, aby obs\u0142uga strony internetowej nie stanowi\u0142a problemu dla \u017cadnego pracownika rozszerzyli\u015bmy dla Pa\u0144stwa ofert\u0119 szkole\u0144 o szkolenie z zakresu<\/p>\n<p style=\"text-align: center;\"><strong>TWORZENIA STRON INTERNETOWYCH<br \/>\n<\/strong><\/p>\n<p style=\"text-align: left;\">Ze szkolenia mog\u0105 skorzysta\u0107 r\u00f3wnie\u017c osoby fizyczne pragn\u0105ce poszerzy\u0107 swoje umiej\u0119tno\u015bci i zyska\u0107 nowe kwalifikacje.<\/p>\n<p style=\"text-align: left;\"><strong>Pierwszy termin szkolenia: 20-24 maj 2015r.<\/strong>, kolejny termin: do uzgodnienia<br \/>\nKoszt: 290 z\u0142<br \/>\nWi\u0119cej informacji znajd\u0105 Pa\u0144stwo na naszej stronie <strong><a href=\"https:\/\/ckzdobrzechow.edu.pl\/elektronika\/\">&#8212;&gt; <\/a><\/strong><\/p>\n<p style=\"text-align: center;\">Zapraszamy do udzia\u0142u !<\/p>\n<p style=\"text-align: center;\"><strong>KURS NA OPERATORA OBRABIAREK UNIWERSALNYCH \u2013 KONWENCJONALNYCH -28.03.2015r.\u00a0 \u2013 OSTATNIE WOLNE MIEJSCA !!!<\/strong><\/p>\n<p style=\"text-align: center;\">Informujemy, \u017ce zosta\u0142y wolne miejsca na kurs<br \/>\n<strong>Operatora obrabiarek uniwersalnych \u2013 konwencjonalnych<\/strong>. Kurs rozpoczyna si\u0119 28.03.2015r. B\u0119dzie prowadzony w systemie weekendowym (\u0142\u0105cznie 95 godzin) w Regionalnym<br \/>\nCentrum Edukacji Zawodowej i Nowoczesnych Technologii<br \/>\nw Strzy\u017cowie.<\/p>\n<p>Koszt udzia\u0142u: 1 490z\u0142.<\/p>\n<p>Zainteresowanych zapraszamy do wype\u0142nienia i odes\u0142ania do nas za\u0142\u0105czonego <a href=\"https:\/\/ckzdobrzechow.edu.pl\/wp-content\/uploads\/2015\/02\/Formularz_zg%C5%82oszeniowy.docx\">formularza zg\u0142oszeniowego<\/a> .<\/p>\n<p style=\"text-align: left;\">Program kursu<br \/>\n1.Przepisy BHP przy obs\u0142udze tokarki.<br \/>\n2.Obr\u00f3bka skrawaniem \u2013 toczenie.<br \/>\n3.Warunki skrawania.<br \/>\n4.Narz\u0119dzia w procesie toczenia.<br \/>\n5.Parametry skrawania.<br \/>\n6.Mocowanie narz\u0119dzi, opis, pomiar.<br \/>\n7.Mocowanie i ustawianie przedmiotu obrabianego.<br \/>\n8.Praca z dokumentacj\u0105 techniczn\u0105.<br \/>\n9.Wykonywanie toczenia powierzchni walcowych zewn\u0119trznych i wewn\u0119trznych.<br \/>\n10.Operacja wiercenia przy u\u017cyciu tokarki.<br \/>\n11.Nacinanie linii \u015brubowej przy u\u017cyciu tokarki.<br \/>\n12.Pomiar wykonanego przedmiotu.<br \/>\n13.Kontrola jako\u015bci.<br \/>\n14.Konserwacja maszyny po pracy.<\/p>\n<p style=\"text-align: center;\">Wi\u0119cej informacji znajd\u0105 Pa\u0144stwo na w zak\u0142adce: szkolenia dla firm: <a href=\"https:\/\/ckzdobrzechow.edu.pl\/obrobka-skrawaniem\/\">obr\u00f3bka skrawaniem<\/a><\/p>\n<p style=\"text-align: center;\">Zapraszamy do udzia\u0142u !<\/p>\n<hr \/>\n<p style=\"text-align: center;\"><strong><span style=\"font-size: 8pt;\">W przypadku dodatkowych pyta\u0144 lub w\u0105tpliwo\u015bci zapraszamy do kontaktu !!!<\/span><\/strong><\/p>\n<p><center>Alina Stryjnik<br \/>\ntel. 797 701 408<br \/>\ne-mail: alina_stryjnik@marr.com.pl<\/center>&nbsp;<\/p>\n<p><center>Gra\u017cyna Gajek<br \/>\ntel. 797 600 315<br \/>\ne-mail: grazyna_gajek@marr.com.pl<\/center>&nbsp;<\/p>\n<p><center>Agencja Rozwoju Regionalnego MARR S.A.<br \/>\nInkubator Nowych Technologii IN-TECH 1 (pom.D 213)<br \/>\nul. Wojska Polskiejgo 9, 39-300 Mielec<\/center><\/p>\n","protected":false},"excerpt":{"rendered":"<p>TWORZENIE STRON INTERNETOWYCH \u2013 SZKOLENIE 30-31.07.2016 Z my\u015bl\u0105 o ma\u0142ych firmach, kt\u00f3re chc\u0105 zaistnie\u0107 na rynku oraz wi\u0119kszych, kt\u00f3re chcia\u0142yby, aby obs\u0142uga strony internetowej nie stanowi\u0142a problemu dla \u017cadnego pracownika przygotowali\u015bmy szkolenie z zakresu Tworzenia stron internetowych Program kursu: zapoznanie z zasadami projektowania i tworzenia witryny internetowej konfiguracja \u015brodowiska tworzenia stron internetowych, serwer WWW, edytor &hellip; <a href=\"https:\/\/ckzdobrzechow.edu.pl\/ogloszenie-operatora-ckp\/\" class=\"more-link\">Czytaj dalej <span class=\"screen-reader-text\">TWORZENIE STRON INTERNETOWYCH \u2013 SZKOLENIE 30-31.07.2016<\/span> <span class=\"meta-nav\">&rarr;<\/span><\/a><\/p>\n","protected":false},"author":9,"featured_media":0,"parent":0,"menu_order":0,"comment_status":"closed","ping_status":"closed","template":"","meta":{"_mi_skip_tracking":false},"_links":{"self":[{"href":"https:\/\/ckzdobrzechow.edu.pl\/wp-json\/wp\/v2\/pages\/2014"}],"collection":[{"href":"https:\/\/ckzdobrzechow.edu.pl\/wp-json\/wp\/v2\/pages"}],"about":[{"href":"https:\/\/ckzdobrzechow.edu.pl\/wp-json\/wp\/v2\/types\/page"}],"author":[{"embeddable":true,"href":"https:\/\/ckzdobrzechow.edu.pl\/wp-json\/wp\/v2\/users\/9"}],"replies":[{"embeddable":true,"href":"https:\/\/ckzdobrzechow.edu.pl\/wp-json\/wp\/v2\/comments?post=2014"}],"version-history":[{"count":52,"href":"https:\/\/ckzdobrzechow.edu.pl\/wp-json\/wp\/v2\/pages\/2014\/revisions"}],"predecessor-version":[{"id":3912,"href":"https:\/\/ckzdobrzechow.edu.pl\/wp-json\/wp\/v2\/pages\/2014\/revisions\/3912"}],"wp:attachment":[{"href":"https:\/\/ckzdobrzechow.edu.pl\/wp-json\/wp\/v2\/media?parent=2014"}],"curies":[{"name":"wp","href":"https:\/\/api.w.org\/{rel}","templated":true}]}}