{"id":2124,"date":"2015-02-25T18:00:05","date_gmt":"2015-02-25T17:00:05","guid":{"rendered":"http:\/\/ckpdobrzechow.edu.pl\/?page_id=2124"},"modified":"2017-04-10T09:12:19","modified_gmt":"2017-04-10T08:12:19","slug":"obrobka-skrawaniem","status":"publish","type":"page","link":"https:\/\/ckzdobrzechow.edu.pl\/obrobka-skrawaniem\/","title":{"rendered":"OBR\u00d3BKA SKRAWANIEM"},"content":{"rendered":"<hr \/>\n<p style=\"text-align: center;\" align=\"center\"><strong><span style=\"font-size: 12pt;\">KURSY I SZKOLENIA Z ZAKRESU OBR\u00d3BKI SKRAWANIEM<\/span><\/strong><\/p>\n<hr \/>\n<p style=\"text-align: justify;\" align=\"center\"><span style=\"font-size: 10pt;\">Nowoczesne wyposa\u017cenie Laboratorium konwencjonalnych obrabiarek skrawaj\u0105cych, Laboratorium nowoczesnych technik wytwarzania na obrabiarkach numerycznych oraz Laboratorium elektrotechniki i mechatroniki daje nam mo\u017cliwo\u015b\u0107 organizacji kurs\u00f3w z zakresu obr\u00f3bki skrawaniem.<\/span><\/p>\n<p style=\"text-align: justify;\" align=\"center\"><strong><span style=\"font-size: 10pt;\"><strong>Wsp\u00f3lnie z wykwalifikowan\u0105 kadr\u0105 przygotowali\u015bmy dla Pa\u0144stwa nast\u0119puj\u0105ce szkolenia:<\/strong><\/span><\/strong><\/p>\n<ul>\n<ul>\n<li style=\"text-align: left;\"><strong><span style=\"font-size: 10pt;\">Operator obrabiarek sterowanych numerycznie<\/span><\/strong><span style=\"font-size: 10pt;\"> &#8211; <\/span><a href=\"https:\/\/ckzdobrzechow.edu.pl\/wp-content\/uploads\/2017\/04\/1.-Operator-obrabiarek-sterowanych-numerycznie.pdf\"><span style=\"color: #0070c0;\">program do pobrania<\/span><\/a><\/li>\n<li style=\"text-align: left;\"><strong><span style=\"font-size: 10pt;\">Operator tokarki uniwersalnej \u2013 konwencjonalnej\u00a0<\/span><\/strong><span style=\"font-size: 10pt;\"> &#8211; <\/span><a href=\"https:\/\/ckzdobrzechow.edu.pl\/wp-content\/uploads\/2017\/04\/2.-operator-tokarki-uniwersalnej.pdf\"><span style=\"color: #0070c0;\">program do pobrania<\/span><\/a><\/li>\n<li style=\"text-align: left;\"><strong><span style=\"font-size: 10pt;\">Operator frezarki uniwersalnej \u2013 konwencjonalnej <\/span><\/strong><span style=\"font-size: 10pt;\"> &#8211; <\/span><a href=\"https:\/\/ckzdobrzechow.edu.pl\/wp-content\/uploads\/2017\/04\/3.-operator-frezarki-uniwersalnej.pdf\"><span style=\"color: #0070c0;\">program do pobrania<\/span><\/a><\/li>\n<li style=\"text-align: left;\"><strong><span style=\"font-size: 10pt;\">Operator szlifierki do p\u0142aszczyzn\u00a0<\/span><\/strong><span style=\"font-size: 10pt;\"> &#8211; <\/span><a href=\"https:\/\/ckzdobrzechow.edu.pl\/wp-content\/uploads\/2017\/04\/5.-Szlifierka-do-p\u0142aszczyzn.pdf\"><span style=\"color: #0070c0;\">program do pobrania<\/span><\/a><\/li>\n<li style=\"text-align: left;\"><strong><span style=\"font-size: 10pt;\">Operator szlifierki do wa\u0142k\u00f3w i otwor\u00f3w\u00a0<\/span><\/strong><span style=\"font-size: 10pt;\"> &#8211; <\/span><a href=\"https:\/\/ckzdobrzechow.edu.pl\/wp-content\/uploads\/2017\/04\/6.-Szlifierka-do-wa\u0142k\u00f3w.pdf\"><span style=\"color: #0070c0;\">program do pobrania<\/span><\/a><\/li>\n<li style=\"text-align: left;\"><strong><span style=\"font-size: 10pt;\">Obs\u0142uga pozosta\u0142ych urz\u0105dze\u0144 (szlifierki, wiertarki, frezarki).<\/span><\/strong><\/li>\n<\/ul>\n<\/ul>\n<p style=\"text-align: justify;\" align=\"center\"><span style=\"font-size: 10pt;\">Programy szkole\u0144, razem z harmonogramem zamieszczone s\u0105 w za\u0142\u0105cznikach. Osoby, kt\u00f3re chc\u0105 podnie\u015b\u0107 swoje kwalifikacje, zapraszamy do wype\u0142nienia za\u0142\u0105czonego <strong>formularza zg\u0142oszeniowego <\/strong> \u2013 <span style=\"color: #0070c0;\"><a href=\"https:\/\/ckzdobrzechow.edu.pl\/wp-content\/uploads\/2015\/07\/formularz-zg\u0142oszeniowy.docx\">Plik do pobrania<\/a><\/span>, a w przypadku ewentualnych pyta\u0144 do bezpo\u015bredniego kontaktu z nami.<\/span><\/p>\n<p style=\"text-align: justify;\" align=\"center\"><strong><span style=\"font-size: 10pt;\"><strong>Poni\u017cej zamieszczamy wykaz wyposa\u017cenia pracowni szkoleniowych:<\/strong><\/span><\/strong><\/p>\n<ul>\n<li style=\"text-align: left;\"><strong><span style=\"font-size: 10pt;\">Tokarka CNC Uniwersalna <em><a href=\"http:\/\/pl.dmgmori.com\/\"><em>DMG GILDEMEISTER NEF 400<\/em><\/a><\/em><\/span><\/strong> z najnowszym sterowaniem 3D: 19&#8243; ERGOline\u00aez Operate 4.5 na sterowaniu <em>HEIDENHAIN<\/em> CNC PILOT 640,<\/li>\n<li style=\"text-align: left;\"><strong><span style=\"font-size: 10pt;\">Centrum Obr\u00f3bkowe CNC <em><a href=\"http:\/\/www.gfms.com\/content\/gfac\/country_PL\/pl.html\"><em>+GF+ AgieCharmilles Mikron VCE 600 Pro<\/em><\/a><\/em><\/span><\/strong> ze sterowaniem HEIDENHAIN,<\/li>\n<li style=\"text-align: left;\"><strong><span style=\"font-size: 10pt;\">Wycinarka Drutowa CNC <em><a href=\"http:\/\/www.gfms.com\/content\/gfac\/country_PL\/pl.html\"><em>+GF+ Agiecharmilles CUT 20 <\/em><\/a><\/em><\/span><\/strong><\/li>\n<li style=\"text-align: left;\"><strong><span style=\"font-size: 10pt;\">Dr\u0105\u017carka do otwor\u00f3w CNC <em><a href=\"http:\/\/www.gfms.com\/content\/gfac\/country_PL\/pl.html\"><em>+GF+ Agiecharmilles EDM DRILL 20 <\/em><\/a><\/em><\/span><\/strong><\/li>\n<li style=\"text-align: left;\"><strong><span style=\"font-size: 10pt;\">Tokarka uniwersalna <em><a href=\"http:\/\/www.bernardo.at\/shop\/en\/\"><em>BERNARDO SOLID 460 <\/em><\/a><\/em><\/span><\/strong><\/li>\n<li style=\"text-align: left;\"><strong><span style=\"font-size: 10pt;\">Szlifierka do wa\u0142k\u00f3w <em><a href=\"http:\/\/www.bernardo.at\/shop\/en\/\"><em>BERNARDO URS 1000 <\/em><\/a><\/em><\/span><\/strong><\/li>\n<li style=\"text-align: left;\"><strong><span style=\"font-size: 10pt;\">Szlifierka do p\u0142aszczyzn <em><a href=\"http:\/\/www.kentusa.com\/\"><em>KENT KGS-818AHD <\/em><\/a><\/em><\/span><\/strong><\/li>\n<li style=\"text-align: left;\"><strong><span style=\"font-size: 10pt;\">Frezarka uniwersalna &#8211; pozioma i pionowa <em><a href=\"http:\/\/eurometal.com.pl\/\"><em>EUROMETAL FU36\/2 <\/em><\/a><\/em><\/span><\/strong><\/li>\n<li style=\"text-align: left;\"><strong><span style=\"font-size: 10pt;\">Wiertarka s\u0142upowa <em><a href=\"http:\/\/eurometal.com.pl\/\"><em>EUROMETAL W35 <\/em><\/a><\/em><\/span><\/strong><\/li>\n<li style=\"text-align: left;\"><strong><span style=\"font-size: 10pt;\">Wiertarka promieniowa <em><a href=\"http:\/\/eurometal.com.pl\/\"><em>EUROMETAL WP40 <\/em><\/a><\/em><\/span><\/strong><\/li>\n<li style=\"text-align: left;\"><strong><span style=\"font-size: 10pt;\">Wiertarka sto\u0142owa <em><a href=\"http:\/\/eurometal.com.pl\/\"><em>EUROMETAL WS16 <\/em><\/a><\/em><\/span><\/strong><\/li>\n<li style=\"text-align: left;\"><strong><span style=\"font-size: 10pt;\">Szlifierka tarczowa <em><a href=\"http:\/\/www.bernardo.at\/shop\/en\/\"><em>BERNARDO DSA 200 <\/em><\/a><\/em><\/span><\/strong><\/li>\n<li style=\"text-align: left;\"><strong><span style=\"font-size: 10pt;\">Sterowanie kszta\u0142towe <em><a href=\"http:\/\/www.heidenhain.pl\/\"><em>HEIDENHAIN iTCN 530 <\/em><\/a><\/em><\/span><\/strong><span style=\"font-size: 10pt;\">, dedykowane dla frezarek, wiertarek, wytaczarek oraz centr\u00f3w obr\u00f3bkowych (6sztuk).<\/span><\/li>\n<\/ul>\n<hr \/>\n<p><center><img src=\"https:\/\/ckzdobrzechow.edu.pl\/wp-content\/uploads\/2015\/02\/obr\u00f3bka-skrawaniem.jpg\" alt=\"\" \/><\/center><\/p>\n<hr \/>\n<p>&nbsp;<\/p>\n<p>tel. 797 600 308, 17 773 82 54<br \/>\n<a href=\"mailto:alina_stryjnik@marr.com.pl\">szkolenia@<\/a><a href=\"mailto:alina_stryjnik@marr.com.pl\">marr.com.pl<\/a><\/p>\n","protected":false},"excerpt":{"rendered":"<p>KURSY I SZKOLENIA Z ZAKRESU OBR\u00d3BKI SKRAWANIEM Nowoczesne wyposa\u017cenie Laboratorium konwencjonalnych obrabiarek skrawaj\u0105cych, Laboratorium nowoczesnych technik wytwarzania na obrabiarkach numerycznych oraz Laboratorium elektrotechniki i mechatroniki daje nam mo\u017cliwo\u015b\u0107 organizacji kurs\u00f3w z zakresu obr\u00f3bki skrawaniem. Wsp\u00f3lnie z wykwalifikowan\u0105 kadr\u0105 przygotowali\u015bmy dla Pa\u0144stwa nast\u0119puj\u0105ce szkolenia: Operator obrabiarek sterowanych numerycznie &#8211; program do pobrania Operator tokarki uniwersalnej \u2013 &hellip; <a href=\"https:\/\/ckzdobrzechow.edu.pl\/obrobka-skrawaniem\/\" class=\"more-link\">Czytaj dalej <span class=\"screen-reader-text\">OBR\u00d3BKA SKRAWANIEM<\/span> <span class=\"meta-nav\">&rarr;<\/span><\/a><\/p>\n","protected":false},"author":10,"featured_media":0,"parent":0,"menu_order":0,"comment_status":"closed","ping_status":"closed","template":"","meta":{"_mi_skip_tracking":false},"_links":{"self":[{"href":"https:\/\/ckzdobrzechow.edu.pl\/wp-json\/wp\/v2\/pages\/2124"}],"collection":[{"href":"https:\/\/ckzdobrzechow.edu.pl\/wp-json\/wp\/v2\/pages"}],"about":[{"href":"https:\/\/ckzdobrzechow.edu.pl\/wp-json\/wp\/v2\/types\/page"}],"author":[{"embeddable":true,"href":"https:\/\/ckzdobrzechow.edu.pl\/wp-json\/wp\/v2\/users\/10"}],"replies":[{"embeddable":true,"href":"https:\/\/ckzdobrzechow.edu.pl\/wp-json\/wp\/v2\/comments?post=2124"}],"version-history":[{"count":49,"href":"https:\/\/ckzdobrzechow.edu.pl\/wp-json\/wp\/v2\/pages\/2124\/revisions"}],"predecessor-version":[{"id":4800,"href":"https:\/\/ckzdobrzechow.edu.pl\/wp-json\/wp\/v2\/pages\/2124\/revisions\/4800"}],"wp:attachment":[{"href":"https:\/\/ckzdobrzechow.edu.pl\/wp-json\/wp\/v2\/media?parent=2124"}],"curies":[{"name":"wp","href":"https:\/\/api.w.org\/{rel}","templated":true}]}}