{"id":2128,"date":"2015-02-25T18:01:03","date_gmt":"2015-02-25T17:01:03","guid":{"rendered":"http:\/\/ckpdobrzechow.edu.pl\/?page_id=2128"},"modified":"2017-04-10T09:22:04","modified_gmt":"2017-04-10T08:22:04","slug":"diagnostyka-naprawa-samochodow","status":"publish","type":"page","link":"https:\/\/ckzdobrzechow.edu.pl\/diagnostyka-naprawa-samochodow\/","title":{"rendered":"DIAGNOSTYKA I NAPRAWA SAMOCHOD\u00d3W"},"content":{"rendered":"<hr \/>\n<p style=\"text-align: center;\" align=\"center\"><strong><span style=\"font-size: 12pt;\">KURSY I SZKOLENIA Z ZAKRESU<br \/>\nDIAGNOSTYKI I NAPRAWY POJAZD\u00d3W SAMOCHODOWYCH<br \/>\n<\/span><\/strong><\/p>\n<hr \/>\n<p style=\"text-align: justify;\" align=\"center\"><span style=\"font-size: 10pt;\">Nowoczesne wyposa\u017cenie Laboratorium naprawy i diagnostyki samochodowej oraz Laboratorium silnik\u00f3w spalinowych i konstrukcji pojazd\u00f3w samochodowych daje nam mo\u017cliwo\u015b\u0107 organizacji kurs\u00f3w z zakresu diagnostyki, serwisowania i naprawy pojazd\u00f3w samochodowych. <\/span><\/p>\n<p style=\"text-align: justify;\" align=\"center\"><strong><span style=\"font-size: 10pt;\"><strong>Wsp\u00f3lnie z wykwalifikowan\u0105 kadr\u0105 przygotowali\u015bmy dla Pa\u0144stwa nast\u0119puj\u0105ce szkolenia:<\/strong><\/span><\/strong><\/p>\n<ul>\n<ul>\n<li style=\"text-align: left;\"><strong><span style=\"font-size: 10pt;\">1. Diagnostyka silnika benzynowego z jednopunktowym uk\u0142adem wtryskowym<\/span><\/strong><span style=\"font-size: 10pt;\"> &#8211; <\/span><a href=\"https:\/\/ckzdobrzechow.edu.pl\/wp-content\/uploads\/2017\/04\/1..pdf\"><span style=\"color: #0070c0;\">program do pobrania<\/span><\/a><\/li>\n<li style=\"text-align: left;\"><strong><span style=\"font-size: 10pt;\">2. Diagnostyka pojazdu-diagnoskop TEXA\u00a0<\/span><\/strong><span style=\"font-size: 10pt;\"> &#8211; <\/span><a href=\"https:\/\/ckzdobrzechow.edu.pl\/wp-content\/uploads\/2017\/04\/2.pdf\"><span style=\"color: #0070c0;\">program do pobrania<\/span><\/a><\/li>\n<li style=\"text-align: left;\"><strong><span style=\"font-size: 10pt;\">3. Wykonywanie geometrii k\u00f3\u0142 pojazd\u00f3w samochodowych &#8211; pomiar i regulacja <\/span><\/strong><span style=\"font-size: 10pt;\">&#8211; <\/span><a href=\"https:\/\/ckzdobrzechow.edu.pl\/wp-content\/uploads\/2017\/04\/3.pdf\"><span style=\"color: #0070c0;\">program do pobrania<\/span><\/a><\/li>\n<li style=\"text-align: left;\"><strong><span style=\"font-size: 10pt;\">4. Budowa i diagnostyka uk\u0142adu klimatyzacji samochodowej\u00a0<\/span><\/strong><span style=\"font-size: 10pt;\"> &#8211; <\/span><a href=\"https:\/\/ckzdobrzechow.edu.pl\/wp-content\/uploads\/2017\/04\/4.pdf\"><span style=\"color: #0070c0;\">program do pobrania<\/span><\/a><\/li>\n<li style=\"text-align: left;\"><strong><span style=\"font-size: 10pt;\">5. Diagnostyka silnika na stanowisku dydaktycznym z zap\u0142onem iskrowym diagnoskopem ULTRASCAN P1<\/span><\/strong><span style=\"font-size: 10pt;\"> &#8211; <\/span><a href=\"https:\/\/ckzdobrzechow.edu.pl\/wp-content\/uploads\/2017\/04\/5.pdf\"><span style=\"color: #0070c0;\">program do pobrania<\/span><\/a><\/li>\n<li style=\"text-align: left;\"><strong><span style=\"font-size: 10pt;\">6. Kontrola i ustawienie geometrii w 3D\u00a0<\/span><\/strong><span style=\"font-size: 10pt;\"> &#8211; <\/span><a href=\"https:\/\/ckzdobrzechow.edu.pl\/wp-content\/uploads\/2017\/04\/6.pdf\"><span style=\"color: #0070c0;\">program do pobrania<\/span><\/a><\/li>\n<li style=\"text-align: left;\"><strong><span style=\"font-size: 10pt;\">7. Obs\u0142uga \u015bcie\u017cki diagnostycznej <\/span><\/strong><span style=\"font-size: 10pt;\"> &#8211; <\/span><a href=\"https:\/\/ckzdobrzechow.edu.pl\/wp-content\/uploads\/2017\/04\/7.pdf\"><span style=\"color: #0070c0;\">program do pobrania<\/span><\/a><\/li>\n<li style=\"text-align: left;\"><strong><span style=\"font-size: 10pt;\">8. Diagnostyka silnika z uk\u0142adem zasilania COMMON RAIL\u00a0<\/span><\/strong><span style=\"font-size: 10pt;\"> &#8211; <\/span><a href=\"https:\/\/ckzdobrzechow.edu.pl\/wp-content\/uploads\/2017\/04\/8.pdf\"><span style=\"color: #0070c0;\">program do pobrania<\/span><\/a><\/li>\n<li style=\"text-align: left;\"><strong><span style=\"font-size: 10pt;\">9. Diagnostyka silnika z uk\u0142adem zasilania z pomp\u0105 rozdzielaczow\u0105 (rotacyjn\u0105), promieniow\u0105 <\/span><\/strong><span style=\"font-size: 10pt;\">&#8211; <\/span><a href=\"https:\/\/ckzdobrzechow.edu.pl\/wp-content\/uploads\/2017\/04\/9.pdf\"><span style=\"color: #0070c0;\">program do pobrania<\/span><\/a><\/li>\n<li style=\"text-align: left;\"><strong><span style=\"font-size: 10pt;\">10. Zasady dzia\u0142ania dymomierza optycznego i analizatora spalin oraz pomiaru zadymienia i analizy spalin<\/span><\/strong><span style=\"font-size: 10pt;\"> &#8211; <\/span><a href=\"https:\/\/ckzdobrzechow.edu.pl\/wp-content\/uploads\/2017\/04\/10.pdf\"><span style=\"color: #0070c0;\">program do pobrania<\/span><\/a><\/li>\n<li style=\"text-align: left;\"><strong><span style=\"font-size: 10pt;\">11. Budowa i diagnostyka alternatora<\/span><\/strong><span style=\"font-size: 10pt;\"> &#8211; <\/span><a href=\"https:\/\/ckzdobrzechow.edu.pl\/wp-content\/uploads\/2017\/04\/11.pdf\"><span style=\"color: #0070c0;\">program do pobrania<\/span><\/a><\/li>\n<li style=\"text-align: left;\"><strong><span style=\"font-size: 10pt;\">12. Budowa i diagnostyka rozrusznika\u00a0<\/span><\/strong><span style=\"font-size: 10pt;\"> &#8211; <\/span><a href=\"https:\/\/ckzdobrzechow.edu.pl\/wp-content\/uploads\/2017\/04\/12.pdf\"><span style=\"color: #0070c0;\">program do pobrania<\/span><\/a><\/li>\n<li style=\"text-align: left;\"><strong><span style=\"font-size: 10pt;\">13. Budowa i naprawa uk\u0142ad\u00f3w nap\u0119dowych wyposa\u017conych w sprz\u0119g\u0142o suche i dwumasowe ko\u0142o zamachowe\u00a0<\/span><\/strong><span style=\"font-size: 10pt;\"> &#8211; <\/span><a href=\"https:\/\/ckzdobrzechow.edu.pl\/wp-content\/uploads\/2017\/04\/13-.pdf\"><span style=\"color: #0070c0;\">program do pobrania<\/span><\/a><\/li>\n<li style=\"text-align: left;\"><strong><span style=\"font-size: 10pt;\">14. Budowa i diagnostyka uk\u0142adu wtryskowego CR\u00a0<\/span><\/strong><span style=\"font-size: 10pt;\"> &#8211; <\/span><a href=\"https:\/\/ckzdobrzechow.edu.pl\/wp-content\/uploads\/2017\/04\/14.pdf\"><span style=\"color: #0070c0;\">program do pobrania<\/span><\/a><\/li>\n<li style=\"text-align: left;\"><strong><span style=\"font-size: 10pt;\">15. Naprawy, wymiany i wywa\u017cenia k\u00f3\u0142\u00a0<\/span><\/strong><span style=\"font-size: 10pt;\"> &#8211; <\/span><a href=\"https:\/\/ckzdobrzechow.edu.pl\/wp-content\/uploads\/2017\/04\/15.pdf\"><span style=\"color: #0070c0;\">program do pobrania<\/span><\/a><\/li>\n<li style=\"text-align: left;\"><strong><span style=\"font-size: 10pt;\">16. Diagnostyka czujnik\u00f3w w pojazdach samochodowych za pomoc\u0105 oscyloskopu\u00a0<\/span><\/strong><span style=\"font-size: 10pt;\"> &#8211; <\/span><a href=\"https:\/\/ckzdobrzechow.edu.pl\/wp-content\/uploads\/2017\/04\/16.pdf\"><span style=\"color: #0070c0;\">program do pobrania<\/span><\/a><\/li>\n<li style=\"text-align: left;\"><strong><span style=\"font-size: 10pt;\">17. Budowa i diagnostyka uk\u0142ad\u00f3w o\u015bwietlenia w poje\u017adzie samochodowym<\/span><\/strong><span style=\"font-size: 10pt;\">\u00a0 &#8211; <\/span><a href=\"https:\/\/ckzdobrzechow.edu.pl\/wp-content\/uploads\/2017\/04\/17.pdf\"><span style=\"color: #0070c0;\">program do pobrania<\/span><\/a><\/li>\n<li style=\"text-align: left;\"><strong><span style=\"font-size: 10pt;\">18. Budowa i diagnostyka uk\u0142ad\u00f3w zap\u0142onowych w poje\u017adzie samochodowym\u00a0<\/span><\/strong><span style=\"font-size: 10pt;\"> &#8211; <\/span><a href=\"https:\/\/ckzdobrzechow.edu.pl\/wp-content\/uploads\/2017\/04\/18.pdf\"><span style=\"color: #0070c0;\">program do pobrania<\/span><\/a><\/li>\n<li style=\"text-align: left;\"><strong><span style=\"font-size: 10pt;\">19. Budowa i diagnostyka czujnik\u00f3w w poje\u017adzie samochodowym\u00a0<\/span><\/strong><span style=\"font-size: 10pt;\"> &#8211; <\/span><a href=\"https:\/\/ckzdobrzechow.edu.pl\/wp-content\/uploads\/2017\/04\/19.pdf\"><span style=\"color: #0070c0;\">program do pobrania<\/span><\/a><\/li>\n<li style=\"text-align: left;\"><strong><span style=\"font-size: 10pt;\">20. Budowa i diagnostyka uk\u0142adu \u015bwiec \u017carowych poje\u017adzie samochodowym\u00a0<\/span><\/strong><span style=\"font-size: 10pt;\"> &#8211; <\/span><a href=\"https:\/\/ckzdobrzechow.edu.pl\/wp-content\/uploads\/2017\/04\/20.pdf\"><span style=\"color: #0070c0;\">program do pobrania<\/span><\/a><\/li>\n<li style=\"text-align: left;\"><strong><span style=\"font-size: 10pt;\">21. Technologiczne podstawy wiedzy z zakresu dzia\u0142ania autoalarmu i centralnego zamka <\/span><\/strong><span style=\"font-size: 10pt;\">&#8211; <\/span><a href=\"https:\/\/ckzdobrzechow.edu.pl\/wp-content\/uploads\/2017\/04\/21.pdf\"><span style=\"color: #0070c0;\">program do pobrania<\/span><\/a><\/li>\n<\/ul>\n<\/ul>\n<p style=\"text-align: justify;\" align=\"center\"><span style=\"font-size: 10pt;\">Programy szkole\u0144, razem z harmonogramem zamieszczone s\u0105 w za\u0142\u0105cznikach. Osoby, kt\u00f3re chc\u0105 podnie\u015b\u0107 swoje kwalifikacje, zapraszamy do wype\u0142nienia za\u0142\u0105czonego <strong>formularza zg\u0142oszeniowego <\/strong> \u2013 <a href=\"https:\/\/ckzdobrzechow.edu.pl\/wp-content\/uploads\/2015\/07\/formularz-zg\u0142oszeniowy.docx\"><span style=\"color: #0070c0;\">Plik do pobrania<\/span><\/a>, a w przypadku ewentualnych pyta\u0144 do bezpo\u015bredniego kontaktu z nami.<\/span><\/p>\n<p style=\"text-align: justify;\" align=\"center\"><strong><span style=\"font-size: 10pt;\"><strong>Poni\u017cej zamieszczamy wykaz wyposa\u017cenia pracowni szkoleniowych:<\/strong><\/span><\/strong><\/p>\n<ul>\n<li style=\"text-align: left;\"><strong><span style=\"font-size: 10pt;\">Analizator spalin z modu\u0142em dymowym <em><a href=\"http:\/\/xxx\/\"><em>BRAND CAPELEC CAP3201-4GAZ <\/em><\/a><\/em><\/span><\/strong> z najnowszym sterowaniem 3D: 19&#8243; ERGOline\u00aez Operate 4.5 na sterowaniu <em>HEIDENHAIN<\/em> CNC PILOT 640,<\/li>\n<li style=\"text-align: left;\"><strong><span style=\"font-size: 10pt;\">Kompletna linia diagnostyczna dla pojazd\u00f3w do 3,5 t. <em><a href=\"xxx\"><em>CERTUS CPS 4.0-EVO2 <\/em><\/a><\/em><\/span><\/strong> ze sterowaniem HEIDENHAIN,<\/li>\n<li style=\"text-align: left;\"><strong><span style=\"font-size: 10pt;\">Czytnik informacji diagnostycznych <em><a href=\"http:\/\/xxx\"><em> OPUS PRODOX AB OBD Controller <\/em><\/a><\/em><\/span><\/strong><\/li>\n<li style=\"text-align: left;\"><strong><span style=\"font-size: 10pt;\">Urz\u0105dzenia do badania geometrii 3D <em><a href=\"http:\/\/xxx\"><em> WERTHER MUNSTER 9000 3D <\/em><\/a><\/em><\/span><\/strong><\/li>\n<li style=\"text-align: left;\"><strong><span style=\"font-size: 10pt;\">Urz\u0105dzenie (skaner) diagnostyczny <em><a href=\"http:\/\/xxx\"><em>TEXA UNIPROBE <\/em><\/a><\/em><\/span><\/strong><\/li>\n<li style=\"text-align: left;\"><strong><span style=\"font-size: 10pt;\">Skaner diagnostyczny <em><a href=\"http:\/\/xxx\"><em>AUTOMOTIVE HANDHELD SCAN TOOL Ultrascan P1 <\/em><\/a><\/em><\/span><\/strong><\/li>\n<li style=\"text-align: left;\"><strong><span style=\"font-size: 10pt;\">Urz\u0105dzenie do badania alternator\u00f3w i rozrusznik\u00f3w <em><a href=\"http:\/\/www.kentusa.com\/\"><em> SPIN <\/em><\/a><\/em><\/span><\/strong><\/li>\n<li style=\"text-align: left;\"><strong><span style=\"font-size: 10pt;\">Urz\u0105dzenie do czyszczenia i testowania wtryskiwaczy silnik\u00f3w benzynowych <em><a href=\"http:\/\/xxx\/\"><em>DELTA TECH ELECTRONICS InMaster 6U <\/em><\/a><\/em><\/span><\/strong><\/li>\n<li style=\"text-align: left;\"><strong><span style=\"font-size: 10pt;\">Wywa\u017carka do k\u00f3\u0142 <em><a href=\"http:\/\/xxx\/\"><em>SICAM SBM V660 <\/em><\/a><\/em><\/span><\/strong><\/li>\n<li style=\"text-align: left;\"><strong><span style=\"font-size: 10pt;\">Urz\u0105dzenie do obs\u0142ugi klimatyzacji <em><a href=\"http:\/\/xxx\/\"><em>SPIN OK CLIMA TRUCK <\/em><\/a><\/em><\/span><\/strong><\/li>\n<li style=\"text-align: left;\"><strong><span style=\"font-size: 10pt;\">Elektryczne, automatyczne urz\u0105dzenie do odpowietrzania uk\u0142ad\u00f3w hamulcowych <em><a href=\"http:\/\/xxx\/\"><em>TECHNICS Typ BEG212 <\/em><\/a><\/em><\/span><\/strong><\/li>\n<li style=\"text-align: left;\"><strong><span style=\"font-size: 10pt;\">Model silnika z zap\u0142onem samoczynnym z pomp\u0105 rotacyjn\u0105 <em><a href=\"http:\/\/xxx\/\"><em>CARSPEED <\/em><\/a><\/em><\/span><\/strong><\/li>\n<li style=\"text-align: left;\"><strong><span style=\"font-size: 10pt;\">Model silnika z zap\u0142onem samoczynnym uk\u0142ad Common Rail <em><a href=\"http:\/\/xxx\/\"><em>CARSPEED <\/em><\/a><\/em><\/span><\/strong><\/li>\n<li style=\"text-align: left;\"><strong><span style=\"font-size: 10pt;\">Model silnika z zap\u0142onem iskrowym <em><a href=\"http:\/\/xxx\/\"><em>CARSPEED <\/em><\/a><\/em><\/span><\/strong><\/li>\n<li style=\"text-align: left;\"><strong><span style=\"font-size: 10pt;\">Silnik benzynowy rz\u0119dowy i skrzynia automatyczna na niezale\u017cnych stojakach obrotowych <em><a href=\"http:\/\/xxx\/\"><em>CARSPEED <\/em><\/a><\/em><\/span><\/strong><\/li>\n<li style=\"text-align: left;\"><strong><span style=\"font-size: 10pt;\">Uk\u0142ad kierowniczy ze wspomaganiem: elektrohydraulicznym, elektrycznym, hydraulicznym <em><a href=\"http:\/\/xxx\/\"><em>Mechatronika <\/em><\/a><\/em><\/span><\/strong><\/li>\n<li style=\"text-align: left;\"><strong><span style=\"font-size: 10pt;\">Zestaw panelowy: aktoryka system\u00f3w pojazdowych, o\u015bwietlenie pojazdu samochodowego, podstawy elektroniki i elektrotechniki pojazdowe, sensoryka system\u00f3w pojazdowych, uk\u0142ady zap\u0142onowe pojazd\u00f3w, <\/span><\/strong><\/li>\n<li style=\"text-align: left;\"><strong><span style=\"font-size: 10pt;\">Poziomica laserowa do pomiaru k\u0105t\u00f3w oraz poziomu i pionu <em><a href=\"http:\/\/xxx\/\"><em>LAICA <\/em><\/a><\/em><\/span><\/strong><\/li>\n<\/ul>\n<hr \/>\n<hr \/>\n<p><strong>Alina Stryjnik, <\/strong> tel. 797 600 308, 17 773 82 54,<br \/>\n<a href=\"mailto:alina_stryjnik@marr.com.pl\">szkolenia@<\/a><a href=\"mailto:alina_stryjnik@marr.com.pl\">marr.com.pl<\/a><\/p>\n<p>&nbsp;<\/p>\n","protected":false},"excerpt":{"rendered":"<p>KURSY I SZKOLENIA Z ZAKRESU DIAGNOSTYKI I NAPRAWY POJAZD\u00d3W SAMOCHODOWYCH Nowoczesne wyposa\u017cenie Laboratorium naprawy i diagnostyki samochodowej oraz Laboratorium silnik\u00f3w spalinowych i konstrukcji pojazd\u00f3w samochodowych daje nam mo\u017cliwo\u015b\u0107 organizacji kurs\u00f3w z zakresu diagnostyki, serwisowania i naprawy pojazd\u00f3w samochodowych. Wsp\u00f3lnie z wykwalifikowan\u0105 kadr\u0105 przygotowali\u015bmy dla Pa\u0144stwa nast\u0119puj\u0105ce szkolenia: 1. Diagnostyka silnika benzynowego z jednopunktowym uk\u0142adem wtryskowym &hellip; <a href=\"https:\/\/ckzdobrzechow.edu.pl\/diagnostyka-naprawa-samochodow\/\" class=\"more-link\">Czytaj dalej <span class=\"screen-reader-text\">DIAGNOSTYKA I NAPRAWA SAMOCHOD\u00d3W<\/span> <span class=\"meta-nav\">&rarr;<\/span><\/a><\/p>\n","protected":false},"author":10,"featured_media":0,"parent":0,"menu_order":0,"comment_status":"closed","ping_status":"closed","template":"","meta":{"_mi_skip_tracking":false},"_links":{"self":[{"href":"https:\/\/ckzdobrzechow.edu.pl\/wp-json\/wp\/v2\/pages\/2128"}],"collection":[{"href":"https:\/\/ckzdobrzechow.edu.pl\/wp-json\/wp\/v2\/pages"}],"about":[{"href":"https:\/\/ckzdobrzechow.edu.pl\/wp-json\/wp\/v2\/types\/page"}],"author":[{"embeddable":true,"href":"https:\/\/ckzdobrzechow.edu.pl\/wp-json\/wp\/v2\/users\/10"}],"replies":[{"embeddable":true,"href":"https:\/\/ckzdobrzechow.edu.pl\/wp-json\/wp\/v2\/comments?post=2128"}],"version-history":[{"count":17,"href":"https:\/\/ckzdobrzechow.edu.pl\/wp-json\/wp\/v2\/pages\/2128\/revisions"}],"predecessor-version":[{"id":4801,"href":"https:\/\/ckzdobrzechow.edu.pl\/wp-json\/wp\/v2\/pages\/2128\/revisions\/4801"}],"wp:attachment":[{"href":"https:\/\/ckzdobrzechow.edu.pl\/wp-json\/wp\/v2\/media?parent=2128"}],"curies":[{"name":"wp","href":"https:\/\/api.w.org\/{rel}","templated":true}]}}