{"id":2134,"date":"2015-02-25T18:02:35","date_gmt":"2015-02-25T17:02:35","guid":{"rendered":"http:\/\/ckpdobrzechow.edu.pl\/?page_id=2134"},"modified":"2017-04-10T09:28:10","modified_gmt":"2017-04-10T08:28:10","slug":"elektronika","status":"publish","type":"page","link":"https:\/\/ckzdobrzechow.edu.pl\/elektronika\/","title":{"rendered":"SZKOLENIA KOMPUTEROWE"},"content":{"rendered":"<hr \/>\n<p style=\"text-align: center;\" align=\"center\"><strong><span style=\"font-size: 12pt;\">SZKOLENIA KOMPUTEROWE<br \/>\n<\/span><\/strong><\/p>\n<hr \/>\n<p>Pracownia komputerowa, znajduj\u0105ca si\u0119 w Regionalnym Centrum Kszta\u0142cenia Edukacji Zawodowej i Nowoczesnych Technologii w Dobrzechowie umo\u017cliwia prowadzenie szkole\u0144 z zakresu:<\/p>\n<ul>\n<ul>\n<li style=\"text-align: left;\"><strong><span style=\"font-size: 10pt;\">Tworzenia stron internetowych &#8211; <a href=\"https:\/\/ckzdobrzechow.edu.pl\/wp-content\/uploads\/2017\/04\/2.-tworzenie-stron-interetowych.pdf\">program do pobrania<\/a><br \/>\n<\/span><\/strong><\/li>\n<li style=\"text-align: left;\"><strong><span style=\"font-size: 10pt;\"> Corel DRAW Graaphics Suite X6<br \/>\n<\/span><\/strong><\/li>\n<\/ul>\n<\/ul>\n<p style=\"text-align: justify;\" align=\"center\"><span style=\"font-size: 10pt;\">Osoby, kt\u00f3re chc\u0105 podnie\u015b\u0107 swoje kwalifikacje, zapraszamy do wype\u0142nienia za\u0142\u0105czonego <strong>formularza zg\u0142oszeniowego <\/strong> \u2013 <span style=\"color: #0070c0;\"><a href=\"https:\/\/ckzdobrzechow.edu.pl\/wp-content\/uploads\/2015\/07\/formularz-zg\u0142oszeniowy.docx\">Plik do pobrania<\/a><\/span>, a w przypadku ewentualnych pyta\u0144 do bezpo\u015bredniego kontaktu z nami.<\/span><\/p>\n<p><strong>Alina Stryjnik, <\/strong> tel. 797 600 308, 17 773 82 54,<br \/>\n<a href=\"mailto:alina_stryjnik@marr.com.pl\">szkolenia@<\/a><a href=\"mailto:alina_stryjnik@marr.com.pl\">marr.com.pl<\/a><\/p>\n<p><center><img src=\"https:\/\/ckzdobrzechow.edu.pl\/wp-content\/uploads\/2015\/02\/ekeltronika-1.jpg\" alt=\"\" \/><\/center><\/p>\n<p style=\"text-align: center;\" align=\"center\"><strong><span style=\"font-size: 12pt;\">Zapraszamy do udzia\u0142u w szkoleniach !!!<\/span><\/strong><\/p>\n","protected":false},"excerpt":{"rendered":"<p>SZKOLENIA KOMPUTEROWE Pracownia komputerowa, znajduj\u0105ca si\u0119 w Regionalnym Centrum Kszta\u0142cenia Edukacji Zawodowej i Nowoczesnych Technologii w Dobrzechowie umo\u017cliwia prowadzenie szkole\u0144 z zakresu: Tworzenia stron internetowych &#8211; program do pobrania Corel DRAW Graaphics Suite X6 Osoby, kt\u00f3re chc\u0105 podnie\u015b\u0107 swoje kwalifikacje, zapraszamy do wype\u0142nienia za\u0142\u0105czonego formularza zg\u0142oszeniowego \u2013 Plik do pobrania, a w przypadku ewentualnych pyta\u0144 &hellip; <a href=\"https:\/\/ckzdobrzechow.edu.pl\/elektronika\/\" class=\"more-link\">Czytaj dalej <span class=\"screen-reader-text\">SZKOLENIA KOMPUTEROWE<\/span> <span class=\"meta-nav\">&rarr;<\/span><\/a><\/p>\n","protected":false},"author":10,"featured_media":0,"parent":0,"menu_order":0,"comment_status":"closed","ping_status":"closed","template":"","meta":{"_mi_skip_tracking":false},"_links":{"self":[{"href":"https:\/\/ckzdobrzechow.edu.pl\/wp-json\/wp\/v2\/pages\/2134"}],"collection":[{"href":"https:\/\/ckzdobrzechow.edu.pl\/wp-json\/wp\/v2\/pages"}],"about":[{"href":"https:\/\/ckzdobrzechow.edu.pl\/wp-json\/wp\/v2\/types\/page"}],"author":[{"embeddable":true,"href":"https:\/\/ckzdobrzechow.edu.pl\/wp-json\/wp\/v2\/users\/10"}],"replies":[{"embeddable":true,"href":"https:\/\/ckzdobrzechow.edu.pl\/wp-json\/wp\/v2\/comments?post=2134"}],"version-history":[{"count":11,"href":"https:\/\/ckzdobrzechow.edu.pl\/wp-json\/wp\/v2\/pages\/2134\/revisions"}],"predecessor-version":[{"id":4802,"href":"https:\/\/ckzdobrzechow.edu.pl\/wp-json\/wp\/v2\/pages\/2134\/revisions\/4802"}],"wp:attachment":[{"href":"https:\/\/ckzdobrzechow.edu.pl\/wp-json\/wp\/v2\/media?parent=2134"}],"curies":[{"name":"wp","href":"https:\/\/api.w.org\/{rel}","templated":true}]}}