{"id":5575,"date":"2017-10-30T11:43:35","date_gmt":"2017-10-30T10:43:35","guid":{"rendered":"http:\/\/ckpdobrzechow.edu.pl\/?page_id=5575"},"modified":"2017-10-30T11:43:35","modified_gmt":"2017-10-30T10:43:35","slug":"szkolenie-zus","status":"publish","type":"page","link":"https:\/\/ckzdobrzechow.edu.pl\/szkolenie-zus\/","title":{"rendered":"Szkolenie ZUS"},"content":{"rendered":"<p style=\"text-align: justify;\">W dniu 26.10.2017 r. w Centrum Kszta\u0142cenia Praktycznego odby\u0142o si\u0119 szkolenie prowadzone przez Zak\u0142ad Ubezpiecze\u0144 Spo\u0142ecznych Oddzia\u0142 w Rzeszowie dla firm z powiatu Strzy\u017cowskiego. Tematem szkolenia by\u0142y zmiany kt\u00f3re b\u0119d\u0105 obowi\u0105zywa\u0107 w nowym roku kalendarzowym 2018 tj.:<\/p>\n<ul>\n<li>e-Sk\u0142adka &#8211; nowy wymiar rozlicze\u0144;<\/li>\n<li>Ulgi w sp\u0142acie nale\u017cno\u015bci wobec ZUS;<\/li>\n<li>Zwolnienia lekarskie.<\/li>\n<\/ul>\n<p style=\"text-align: justify;\">Szkolenie otworzy\u0142 Starosta Strzy\u017cowski Robert Godek, a w\/w szkolenia prowadzi\u0142a mi\u0119dzy innymi\u00a0 wicedyrektor Oddzia\u0142u ZUS w Rzeszowie.<\/p>\n<div id='gallery-1' class='gallery galleryid-5575 gallery-columns-3 gallery-size-thumbnail'><figure class='gallery-item'>\n\t\t\t<div class='gallery-icon landscape'>\n\t\t\t\t<a href='https:\/\/ckzdobrzechow.edu.pl\/szkolenie-zus\/p1020261\/'><img width=\"150\" height=\"150\" src=\"https:\/\/ckzdobrzechow.edu.pl\/wp-content\/uploads\/2017\/10\/P1020261-150x150.jpg\" class=\"attachment-thumbnail size-thumbnail\" alt=\"\" loading=\"lazy\" \/><\/a>\n\t\t\t<\/div><\/figure><figure class='gallery-item'>\n\t\t\t<div class='gallery-icon landscape'>\n\t\t\t\t<a href='https:\/\/ckzdobrzechow.edu.pl\/szkolenie-zus\/p1020262\/'><img width=\"150\" height=\"150\" src=\"https:\/\/ckzdobrzechow.edu.pl\/wp-content\/uploads\/2017\/10\/P1020262-150x150.jpg\" class=\"attachment-thumbnail size-thumbnail\" alt=\"\" loading=\"lazy\" \/><\/a>\n\t\t\t<\/div><\/figure><figure class='gallery-item'>\n\t\t\t<div class='gallery-icon landscape'>\n\t\t\t\t<a href='https:\/\/ckzdobrzechow.edu.pl\/szkolenie-zus\/p1020266\/'><img width=\"150\" height=\"150\" src=\"https:\/\/ckzdobrzechow.edu.pl\/wp-content\/uploads\/2017\/10\/P1020266-150x150.jpg\" class=\"attachment-thumbnail size-thumbnail\" alt=\"\" loading=\"lazy\" \/><\/a>\n\t\t\t<\/div><\/figure><figure class='gallery-item'>\n\t\t\t<div class='gallery-icon landscape'>\n\t\t\t\t<a href='https:\/\/ckzdobrzechow.edu.pl\/szkolenie-zus\/p1020268\/'><img width=\"150\" height=\"150\" src=\"https:\/\/ckzdobrzechow.edu.pl\/wp-content\/uploads\/2017\/10\/P1020268-150x150.jpg\" class=\"attachment-thumbnail size-thumbnail\" alt=\"\" loading=\"lazy\" \/><\/a>\n\t\t\t<\/div><\/figure><figure class='gallery-item'>\n\t\t\t<div class='gallery-icon landscape'>\n\t\t\t\t<a href='https:\/\/ckzdobrzechow.edu.pl\/szkolenie-zus\/p1020270\/'><img width=\"150\" height=\"150\" src=\"https:\/\/ckzdobrzechow.edu.pl\/wp-content\/uploads\/2017\/10\/P1020270-150x150.jpg\" class=\"attachment-thumbnail size-thumbnail\" alt=\"\" loading=\"lazy\" \/><\/a>\n\t\t\t<\/div><\/figure><figure class='gallery-item'>\n\t\t\t<div class='gallery-icon landscape'>\n\t\t\t\t<a href='https:\/\/ckzdobrzechow.edu.pl\/szkolenie-zus\/p1020272\/'><img width=\"150\" height=\"150\" src=\"https:\/\/ckzdobrzechow.edu.pl\/wp-content\/uploads\/2017\/10\/P1020272-150x150.jpg\" class=\"attachment-thumbnail size-thumbnail\" alt=\"\" loading=\"lazy\" \/><\/a>\n\t\t\t<\/div><\/figure><figure class='gallery-item'>\n\t\t\t<div class='gallery-icon landscape'>\n\t\t\t\t<a href='https:\/\/ckzdobrzechow.edu.pl\/szkolenie-zus\/p1020276\/'><img width=\"150\" height=\"150\" src=\"https:\/\/ckzdobrzechow.edu.pl\/wp-content\/uploads\/2017\/10\/P1020276-150x150.jpg\" class=\"attachment-thumbnail size-thumbnail\" alt=\"\" loading=\"lazy\" \/><\/a>\n\t\t\t<\/div><\/figure><figure class='gallery-item'>\n\t\t\t<div class='gallery-icon landscape'>\n\t\t\t\t<a href='https:\/\/ckzdobrzechow.edu.pl\/szkolenie-zus\/p1020279\/'><img width=\"150\" height=\"150\" src=\"https:\/\/ckzdobrzechow.edu.pl\/wp-content\/uploads\/2017\/10\/P1020279-150x150.jpg\" class=\"attachment-thumbnail size-thumbnail\" alt=\"\" loading=\"lazy\" \/><\/a>\n\t\t\t<\/div><\/figure><figure class='gallery-item'>\n\t\t\t<div class='gallery-icon landscape'>\n\t\t\t\t<a href='https:\/\/ckzdobrzechow.edu.pl\/szkolenie-zus\/p1020283\/'><img width=\"150\" height=\"150\" src=\"https:\/\/ckzdobrzechow.edu.pl\/wp-content\/uploads\/2017\/10\/P1020283-150x150.jpg\" class=\"attachment-thumbnail size-thumbnail\" alt=\"\" loading=\"lazy\" \/><\/a>\n\t\t\t<\/div><\/figure><figure class='gallery-item'>\n\t\t\t<div class='gallery-icon landscape'>\n\t\t\t\t<a href='https:\/\/ckzdobrzechow.edu.pl\/szkolenie-zus\/p1020285\/'><img width=\"150\" height=\"150\" src=\"https:\/\/ckzdobrzechow.edu.pl\/wp-content\/uploads\/2017\/10\/P1020285-150x150.jpg\" class=\"attachment-thumbnail size-thumbnail\" alt=\"\" loading=\"lazy\" \/><\/a>\n\t\t\t<\/div><\/figure><figure class='gallery-item'>\n\t\t\t<div class='gallery-icon landscape'>\n\t\t\t\t<a href='https:\/\/ckzdobrzechow.edu.pl\/szkolenie-zus\/p1020288\/'><img width=\"150\" height=\"150\" src=\"https:\/\/ckzdobrzechow.edu.pl\/wp-content\/uploads\/2017\/10\/P1020288-150x150.jpg\" class=\"attachment-thumbnail size-thumbnail\" alt=\"\" loading=\"lazy\" \/><\/a>\n\t\t\t<\/div><\/figure><figure class='gallery-item'>\n\t\t\t<div class='gallery-icon landscape'>\n\t\t\t\t<a href='https:\/\/ckzdobrzechow.edu.pl\/szkolenie-zus\/p1020289\/'><img width=\"150\" height=\"150\" src=\"https:\/\/ckzdobrzechow.edu.pl\/wp-content\/uploads\/2017\/10\/P1020289-150x150.jpg\" class=\"attachment-thumbnail size-thumbnail\" alt=\"\" loading=\"lazy\" \/><\/a>\n\t\t\t<\/div><\/figure>\n\t\t<\/div>\n\n","protected":false},"excerpt":{"rendered":"<p>W dniu 26.10.2017 r. w Centrum Kszta\u0142cenia Praktycznego odby\u0142o si\u0119 szkolenie prowadzone przez Zak\u0142ad Ubezpiecze\u0144 Spo\u0142ecznych Oddzia\u0142 w Rzeszowie dla firm z powiatu Strzy\u017cowskiego. Tematem szkolenia by\u0142y zmiany kt\u00f3re b\u0119d\u0105 obowi\u0105zywa\u0107 w nowym roku kalendarzowym 2018 tj.: e-Sk\u0142adka &#8211; nowy wymiar rozlicze\u0144; Ulgi w sp\u0142acie nale\u017cno\u015bci wobec ZUS; Zwolnienia lekarskie. Szkolenie otworzy\u0142 Starosta Strzy\u017cowski Robert &hellip; <a href=\"https:\/\/ckzdobrzechow.edu.pl\/szkolenie-zus\/\" class=\"more-link\">Czytaj dalej <span class=\"screen-reader-text\">Szkolenie ZUS<\/span> <span class=\"meta-nav\">&rarr;<\/span><\/a><\/p>\n","protected":false},"author":5,"featured_media":0,"parent":0,"menu_order":0,"comment_status":"closed","ping_status":"closed","template":"","meta":{"_mi_skip_tracking":false},"_links":{"self":[{"href":"https:\/\/ckzdobrzechow.edu.pl\/wp-json\/wp\/v2\/pages\/5575"}],"collection":[{"href":"https:\/\/ckzdobrzechow.edu.pl\/wp-json\/wp\/v2\/pages"}],"about":[{"href":"https:\/\/ckzdobrzechow.edu.pl\/wp-json\/wp\/v2\/types\/page"}],"author":[{"embeddable":true,"href":"https:\/\/ckzdobrzechow.edu.pl\/wp-json\/wp\/v2\/users\/5"}],"replies":[{"embeddable":true,"href":"https:\/\/ckzdobrzechow.edu.pl\/wp-json\/wp\/v2\/comments?post=5575"}],"version-history":[{"count":4,"href":"https:\/\/ckzdobrzechow.edu.pl\/wp-json\/wp\/v2\/pages\/5575\/revisions"}],"predecessor-version":[{"id":5594,"href":"https:\/\/ckzdobrzechow.edu.pl\/wp-json\/wp\/v2\/pages\/5575\/revisions\/5594"}],"wp:attachment":[{"href":"https:\/\/ckzdobrzechow.edu.pl\/wp-json\/wp\/v2\/media?parent=5575"}],"curies":[{"name":"wp","href":"https:\/\/api.w.org\/{rel}","templated":true}]}}