{"id":5686,"date":"2017-12-04T10:34:28","date_gmt":"2017-12-04T09:34:28","guid":{"rendered":"http:\/\/ckpdobrzechow.edu.pl\/?page_id=5686"},"modified":"2017-12-04T10:34:28","modified_gmt":"2017-12-04T09:34:28","slug":"zespole-szkol-im-jana-pawla-ii-stepinie","status":"publish","type":"page","link":"https:\/\/ckzdobrzechow.edu.pl\/zespole-szkol-im-jana-pawla-ii-stepinie\/","title":{"rendered":"Zespole Szk\u00f3\u0142 im. Jana Paw\u0142a II w St\u0119pinie"},"content":{"rendered":"<p><strong>\u00a0<a href=\"https:\/\/ckzdobrzechow.edu.pl\/wp-content\/uploads\/2017\/12\/UE.jpg\"><img loading=\"lazy\" class=\"aligncenter size-full wp-image-5687\" src=\"https:\/\/ckzdobrzechow.edu.pl\/wp-content\/uploads\/2017\/12\/UE.jpg\" alt=\"\" width=\"628\" height=\"93\" srcset=\"https:\/\/ckzdobrzechow.edu.pl\/wp-content\/uploads\/2017\/12\/UE.jpg 628w, https:\/\/ckzdobrzechow.edu.pl\/wp-content\/uploads\/2017\/12\/UE-300x44.jpg 300w\" sizes=\"(max-width: 628px) 100vw, 628px\" \/><\/a><\/strong><\/p>\n<p style=\"text-align: center;\"><strong>Nowa sala gimnastyczna i laboratorium w Zespole Szk\u00f3\u0142 w St\u0119pinie<\/strong><\/p>\n<p style=\"text-align: justify;\"><strong>Gmina Frysztak realizuje projekt dofinansowany z funduszy europejskich pn. \u201eRozw\u00f3j kszta\u0142cenia w Zespole Szk\u00f3\u0142 im. Jana Paw\u0142a II w St\u0119pinie poprzez rozbudow\u0119 sali gimnastycznej i powstanie laboratorium odnawialnych \u017ar\u00f3de\u0142 energii w pracowni przyrodniczej\u201d. Ca\u0142kowita warto\u015b\u0107 projektu wynosi 1\u00a0842\u00a0749,77 z\u0142. Kwota dofinansowania z Europejskiego Funduszu Rozwoju Regionalnego to 997\u00a0240,54 z\u0142. Partnerem projektu jest Powiat Strzy\u017cowski, w imieniu kt\u00f3rego dzia\u0142a Centrum Kszta\u0142cenia Praktycznego w Dobrzechowie<\/strong><\/p>\n<p style=\"text-align: justify;\">W dniu 12 stycznia 2016 r. Gmina Frysztak z\u0142o\u017cy\u0142a wniosek o dofinansowanie na realizacj\u0119 projektu ze \u015brodk\u00f3w Europejskiego Funduszu Rozwoju Regionalnego w ramach Regionalnego Programu Operacyjnego Wojew\u00f3dztwa Podkarpackiego na lata 2014-2020, osi priorytetowej IV Sp\u00f3jno\u015b\u0107 Przestrzenna i Spo\u0142eczna, Dzia\u0142anie 6.4 Infrastruktura edukacyjna, Poddzia\u0142anie 6.4.3. Szkolnictwo Og\u00f3lne. Cel og\u00f3lny projektu brzmi: \u201eStworzenie trwa\u0142ej i nowoczesnej plac\u00f3wki edukacyjnej umo\u017cliwiaj\u0105cej r\u00f3wny dost\u0119p dzieci i m\u0142odzie\u017cy do wysokiej jako\u015bci oferty edukacyjnej\u201d. Partnerem projektu jest Powiat Strzy\u017cowski, w imieniu kt\u00f3rego dzia\u0142a Centrum Kszta\u0142cenia Praktycznego w Dobrzechowie. Projekt\u00a0 zak\u0142ada wdro\u017cenie przedsi\u0119wzi\u0119\u0107 ukierunkowanych na rozw\u00f3j kszta\u0142cenia w Zespole Szk\u00f3\u0142 im. Jana Paw\u0142a II w St\u0119pinie. Zakres projektu obejmuje m.in. rozbudow\u0119 sali gimnastycznej i po\u0142\u0105czenie jej z istniej\u0105cym budynkiem oraz utworzenie laboratorium odnawialnych \u017ar\u00f3de\u0142 energii w pracowni przyrodniczej.<\/p>\n<p style=\"text-align: justify;\">Poprzez realizacj\u0119 projektu dzieci i m\u0142odzie\u017c ze szko\u0142y w St\u0119pinie uzyskaj\u0105 dost\u0119p do nowoczesnej, o w\u0142a\u015bciwych parametrach sali gimnastycznej. Nowe przestrzenie do rozwoju aktywno\u015bci fizycznej uczni\u00f3w (du\u017ca i przestronna sala gimnastyczna) pozwol\u0105 wzbogaci\u0107 ofert\u0119 zaj\u0119\u0107 sportowych i rekreacyjnych, po wielu latach prowadzenia zaj\u0119\u0107 wychowania fizycznego w ma\u0142ej sali, pochodz\u0105cej jeszcze z lat 60-tych XX w. Pracownia przyrodnicza zyska materia\u0142y dydaktyczne oraz sprz\u0119t komputerowy, kt\u00f3re b\u0119d\u0105 s\u0142u\u017cy\u0107 popularyzacji metod zr\u00f3wnowa\u017conego korzystania z zasob\u00f3w \u015brodowiska oraz pozyskiwania i zastosowania\u00a0 energii z odnawialnych \u017ar\u00f3de\u0142.<\/p>\n<p style=\"text-align: justify;\">W ramach projektu od podstaw wybudowano nowy obiekt sali sportowej na dzia\u0142ce przy szkole zakupionej przez Gmin\u0119 Frysztak. Zakres prac zak\u0142ada\u0142 m.in. roboty ziemne, fundamenty, \u015bciany, stropy i schody, konstrukcj\u0119 dachow\u0105, stolark\u0119 okienn\u0105 i drzwiow\u0105, tynki wewn\u0119trzne, ok\u0142adziny i malowanie, posadzk\u0119 sali gimnastycznej, posadzki na zapleczu i komunikacji, elewacj\u0119, roboty zewn\u0119trzne (p\u0142ytka odbojowa i wej\u015bcia do budynku). Zakupiono tak\u017ce sprz\u0119t sportowy, dokonano monta\u017cu instalacji (odgromowej, sanitarnej, wodno-kanalizacyjnej i ciep\u0142ej wody, hydrantowej, centralnego ogrzewania i wentylacyjnej oraz instalacji solarnej z elementami systemu fotowoltaicznego jak r\u00f3wnie\u017c urz\u0105dze\u0144 do prowadzenia wizji monitoruj\u0105cej).<\/p>\n<p style=\"text-align: justify;\">Do dyspozycji Zespo\u0142u Szk\u00f3\u0142 im. Jana Paw\u0142a II w St\u0119pinie zosta\u0142a oddana sala gimnastyczna\u00a0 o powierzchni u\u017cytkowej 458,35 m<sup>2<\/sup>. Nowy obiekt jest wyposa\u017cony w urz\u0105dzenia do gry w koszyk\u00f3wk\u0119, pi\u0142k\u0119 siatkow\u0105 i pi\u0142k\u0119 r\u0119czn\u0105. Ponadto w ramach projektu zakupiono pomoce dydaktyczne dla uczni\u00f3w i nauczycieli, tj. m.in: laptopy, rzutnik multimedialny z ekranem, lupy, pude\u0142ko do obserwacji okaz\u00f3w (w zestawie z 3 lupami i miark\u0105\u00a0 z podzia\u0142k\u0105 do okre\u015blenia wielko\u015bci obrazu), lornetk\u0119, mikroskopy (w tym z okularem cyfrowym), kompasy, globusy (indukcyjne, fizyczne, pod\u015bwietlane), szkielet cz\u0142owieka z ruchomymi elementami w skali 1:1, program multimedialny do przyrody dla klas 4-5 szko\u0142y podstawowej, pr\u00f3bki ska\u0142 i minera\u0142\u00f3w (50-60), zestaw eksperymentalny, szkoln\u0105 stacj\u0119 pogodow\u0105 z wiatromierzem i 2 kamery.<\/p>\n<p style=\"text-align: justify;\">Nowa sala gimnastyczna oraz zakupione wyposa\u017cenie szko\u0142y pozwoli na prowadzenie zaj\u0119\u0107 wychowania fizycznego, jak r\u00f3wnie\u017c lekcji z przedmiot\u00f3w przyrodniczych na wysokim poziomie dla uczni\u00f3w ze St\u0119piny, Chytr\u00f3wki, Huty Gogo\u0142owskiej, Cieszyny i okolic. Po raz pierwszy na terenie powiatu strzy\u017cowskiego zostanie tak\u017ce podj\u0119te sta\u0142e wsp\u00f3\u0142dzia\u0142anie jednostek edukacyjnych z r\u00f3\u017cnych poziom\u00f3w. Projekt zak\u0142ada bowiem wsp\u00f3\u0142prac\u0119 pomi\u0119dzy prowadzonym przez Gmin\u0119 Frysztak Zespo\u0142em Szk\u00f3\u0142 im. Jana Paw\u0142a II w St\u0119pinie i Centrum Kszta\u0142cenia Praktycznego w Dobrzechowie jako jednostk\u0105 edukacyjn\u0105 samorz\u0105du powiatowego w Strzy\u017cowie prowadz\u0105c\u0105 kszta\u0142cenie zawodowe uczni\u00f3w na poziomie ponadpodstawowym. Dobrzechowskie Centrum, kt\u00f3re zbudowane zosta\u0142o od podstaw przez Powiat Strzy\u017cowski na terenie dawnej cegielni, to jedna z najnowocze\u015bniejszych tego typu plac\u00f3wek w wojew\u00f3dztwie podkarpackim. Oferuje kszta\u0142cenie m\u0142odzie\u017cy m.in. w zawodach mechanicznych, samochodowych, budowlanych i in., w tym z wykorzystaniem obrabiarek CNC, projektowania komputerowego i in. W ramach projektu zadaniem Centrum b\u0119dzie prowadzenie we wsp\u00f3\u0142pracy ze szko\u0142\u0105 w St\u0119pinie zaj\u0119\u0107 dla uczni\u00f3w w St\u0119pinie dotycz\u0105cych m.in. wykorzystania energii ze \u017ar\u00f3de\u0142 odnawialnych.<\/p>\n<p style=\"text-align: justify;\">[opr. i fot. W. Plezia]<\/p>\n<p style=\"text-align: justify;\"><a href=\"https:\/\/ckzdobrzechow.edu.pl\/wp-content\/uploads\/2017\/12\/st\u0119pina_1.jpg\"><img loading=\"lazy\" class=\"aligncenter size-full wp-image-5688\" src=\"https:\/\/ckzdobrzechow.edu.pl\/wp-content\/uploads\/2017\/12\/st\u0119pina_1.jpg\" alt=\"\" width=\"3546\" height=\"1750\" srcset=\"https:\/\/ckzdobrzechow.edu.pl\/wp-content\/uploads\/2017\/12\/st\u0119pina_1.jpg 3546w, https:\/\/ckzdobrzechow.edu.pl\/wp-content\/uploads\/2017\/12\/st\u0119pina_1-300x148.jpg 300w, https:\/\/ckzdobrzechow.edu.pl\/wp-content\/uploads\/2017\/12\/st\u0119pina_1-768x379.jpg 768w, https:\/\/ckzdobrzechow.edu.pl\/wp-content\/uploads\/2017\/12\/st\u0119pina_1-1024x505.jpg 1024w\" sizes=\"(max-width: 3546px) 100vw, 3546px\" \/><\/a><\/p>\n<p>&nbsp;<\/p>\n<p>&nbsp;<\/p>\n","protected":false},"excerpt":{"rendered":"<p>\u00a0 Nowa sala gimnastyczna i laboratorium w Zespole Szk\u00f3\u0142 w St\u0119pinie Gmina Frysztak realizuje projekt dofinansowany z funduszy europejskich pn. \u201eRozw\u00f3j kszta\u0142cenia w Zespole Szk\u00f3\u0142 im. Jana Paw\u0142a II w St\u0119pinie poprzez rozbudow\u0119 sali gimnastycznej i powstanie laboratorium odnawialnych \u017ar\u00f3de\u0142 energii w pracowni przyrodniczej\u201d. Ca\u0142kowita warto\u015b\u0107 projektu wynosi 1\u00a0842\u00a0749,77 z\u0142. Kwota dofinansowania z Europejskiego Funduszu &hellip; <a href=\"https:\/\/ckzdobrzechow.edu.pl\/zespole-szkol-im-jana-pawla-ii-stepinie\/\" class=\"more-link\">Czytaj dalej <span class=\"screen-reader-text\">Zespole Szk\u00f3\u0142 im. Jana Paw\u0142a II w St\u0119pinie<\/span> <span class=\"meta-nav\">&rarr;<\/span><\/a><\/p>\n","protected":false},"author":5,"featured_media":0,"parent":0,"menu_order":0,"comment_status":"closed","ping_status":"closed","template":"","meta":{"_mi_skip_tracking":false},"_links":{"self":[{"href":"https:\/\/ckzdobrzechow.edu.pl\/wp-json\/wp\/v2\/pages\/5686"}],"collection":[{"href":"https:\/\/ckzdobrzechow.edu.pl\/wp-json\/wp\/v2\/pages"}],"about":[{"href":"https:\/\/ckzdobrzechow.edu.pl\/wp-json\/wp\/v2\/types\/page"}],"author":[{"embeddable":true,"href":"https:\/\/ckzdobrzechow.edu.pl\/wp-json\/wp\/v2\/users\/5"}],"replies":[{"embeddable":true,"href":"https:\/\/ckzdobrzechow.edu.pl\/wp-json\/wp\/v2\/comments?post=5686"}],"version-history":[{"count":1,"href":"https:\/\/ckzdobrzechow.edu.pl\/wp-json\/wp\/v2\/pages\/5686\/revisions"}],"predecessor-version":[{"id":5689,"href":"https:\/\/ckzdobrzechow.edu.pl\/wp-json\/wp\/v2\/pages\/5686\/revisions\/5689"}],"wp:attachment":[{"href":"https:\/\/ckzdobrzechow.edu.pl\/wp-json\/wp\/v2\/media?parent=5686"}],"curies":[{"name":"wp","href":"https:\/\/api.w.org\/{rel}","templated":true}]}}