{"id":6072,"date":"2017-12-13T09:17:59","date_gmt":"2017-12-13T08:17:59","guid":{"rendered":"http:\/\/ckpdobrzechow.edu.pl\/?page_id=6072"},"modified":"2017-12-13T09:17:59","modified_gmt":"2017-12-13T08:17:59","slug":"zpp-docenia-ksztalcenie-zawodowe","status":"publish","type":"page","link":"https:\/\/ckzdobrzechow.edu.pl\/zpp-docenia-ksztalcenie-zawodowe\/","title":{"rendered":"ZPP docenia kszta\u0142cenie zawodowe"},"content":{"rendered":"<p style=\"text-align: center;\"><span style=\"color: #0000ff;\"><em><strong>ZWI\u0104ZEK POWIAT\u00d3W POLSKICH<\/strong><\/em><\/span><br \/>\n<span style=\"color: #0000ff;\"><em><strong>docenia kszta\u0142cenie zawodowe.<\/strong><\/em><\/span><\/p>\n<p style=\"text-align: center;\">Kszta\u0142cenie u pracodawc\u00f3w nie mo\u017ce zast\u0105pi\u0107 kszta\u0142cenia praktycznego w szko\u0142ach<\/p>\n<p><a href=\"https:\/\/ckzdobrzechow.edu.pl\/wp-content\/uploads\/2017\/12\/KP.jpg\"><img loading=\"lazy\" class=\"aligncenter size-full wp-image-6075\" src=\"https:\/\/ckzdobrzechow.edu.pl\/wp-content\/uploads\/2017\/12\/KP.jpg\" alt=\"\" width=\"1766\" height=\"1313\" srcset=\"https:\/\/ckzdobrzechow.edu.pl\/wp-content\/uploads\/2017\/12\/KP.jpg 1766w, https:\/\/ckzdobrzechow.edu.pl\/wp-content\/uploads\/2017\/12\/KP-300x223.jpg 300w, https:\/\/ckzdobrzechow.edu.pl\/wp-content\/uploads\/2017\/12\/KP-768x571.jpg 768w, https:\/\/ckzdobrzechow.edu.pl\/wp-content\/uploads\/2017\/12\/KP-1024x761.jpg 1024w\" sizes=\"(max-width: 1766px) 100vw, 1766px\" \/><\/a><\/p>\n<p style=\"text-align: justify;\">W opinii pracodawc\u00f3w z Doliny Lotniczej centra kszta\u0142cenia praktycznego powinny nadal prowadzi\u0107 praktyczn\u0105 nauk\u0119 zawodu, bo s\u0105 do tego przygotowane. Tak\u017ce dzi\u0119ki wielomilionowym inwestycjom, finansowanym z funduszy unijnych i bud\u017cet\u00f3w powiat\u00f3w. Przedsi\u0119biorcy nie powinni wyr\u0119cza\u0107 centr\u00f3w w pe\u0142nieniu tej funkcji, bo nie maj\u0105 na to ani czasu, ani pieni\u0119dzy. Mog\u0105 jedynie finalizowa\u0107 z zak\u0142adzie pracy ostatni etap praktycznej nauki zawodu. Plac\u00f3wki edukacyjne i przedsi\u0119biorcy powinni ze sob\u0105 \u015bci\u015ble wsp\u00f3\u0142pracowa\u0107. Takie wnioski p\u0142yn\u0105 z ostatniego spotkania samorz\u0105dowc\u00f3w powiatowych uczestnicz\u0105cych w grupie wymiany do\u015bwiadcze\u0144 na temat aspekt\u00f3w zarz\u0105dzania edukacj\u0105 zawodow\u0105. Tematem ostatniego spotkania grupy, kt\u00f3re odby\u0142o si\u0119 w 7 i 8 grudnia br. w powiecie \u0142a\u0144cuckim, by\u0142a wsp\u00f3\u0142praca szk\u00f3\u0142 zawodowych z pracodawcami w kontek\u015bcie ostatnich zmian systemowych w szkolnictwie zawodowym.<\/p>\n<p style=\"text-align: justify;\">Uczestnicy spotkania zapoznali si\u0119 charakterystyk\u0105 \u0142a\u0144cuckiego Powiatowego Centrum Kszta\u0142cenia Praktycznego i Edukacji Zawodowej. Plac\u00f3wka, jedna z kilkunastu w regionie, pe\u0142ni dzi\u015b funkcj\u0119 Regionalnego Centrum Transferu Nowoczesnych Technologii Wytwarzania. Jest to wynik przeprowadzenia przez powiat \u0142a\u0144cucki wielu dzia\u0142a\u0144 modernizacyjnych, finansowanych z bud\u017cetu powiatu oraz z funduszy europejskich.<\/p>\n<p style=\"text-align: justify;\">Go\u015b\u0107mi spotkania z samorz\u0105dowcami byli przedstawiciele podkarpackiej Doliny Lotniczej, stowarzyszenia grupuj\u0105cego 160 przedsi\u0119biorstw przemys\u0142u lotniczego, zatrudniaj\u0105cych \u0142\u0105cznie ponad 30 tys. pracownik\u00f3w. Dyrektor stowarzyszenia przedstawi\u0142 opracowany przez stowarzyszenie system wsparcia, jakie organizacja \u015bwiadczy na rzecz szk\u00f3\u0142 zawodowych i og\u00f3lnokszta\u0142c\u0105cych w regionie, zar\u00f3wno technik\u00f3w i szk\u00f3\u0142 zawodowych, jak i lice\u00f3w, podstaw\u00f3wek, a nawet przedszkoli (tzw. dzieci\u0119cia politechnika). Dyrektor stowarzyszenia wyrazi\u0142 opinie, i\u017c centra kszta\u0142cenia praktycznego maj\u0105 swoje trwa\u0142e miejsce i bardzo wa\u017cn\u0105 rol\u0119 w praktycznej nauce zawodu i nie wyobra\u017ca sobie kszta\u0142cenia zawodowego bez tych plac\u00f3wek. W jego opinii nie mo\u017cna budowa\u0107 nowego systemu kosztem niszczenia tego, co uda\u0142o si\u0119 do tej pory zbudowa\u0107. Wskazuj\u0105c na dwana\u015bcie podkarpackich centr\u00f3w kszta\u0142cenia praktycznego, dzia\u0142aj\u0105cych na obszarze funkcjonowania Doliny Lotniczej, podkre\u015bli\u0142, jak d\u0142ug\u0105 drog\u0119 przesz\u0142y te plac\u00f3wki, dzi\u0119ki inwestycjom samorz\u0105dowym wspomaganym znacz\u0105cym udzia\u0142em funduszy unijnych. Spowodowa\u0142o to zasadnicz\u0105 zmian\u0119 jako\u015bciow\u0105 ich funkcjonowania.<\/p>\n<p style=\"text-align: justify;\">Podobnie wypowiada\u0142 si\u0119 w\u0142a\u015bciciel jednego przedsi\u0119biorstw tworz\u0105cych Dolin\u0119 Lotnicz\u0105 i zatrudniaj\u0105cych absolwent\u00f3w \u0142a\u0144cuckiego centrum kszta\u0142cenia praktycznego. M\u00f3wi\u0142, i\u017c jego firma nie ma mo\u017cliwo\u015bci (czasu ani pieni\u0119dzy) na wyr\u0119czanie szk\u00f3\u0142. Jego zdaniem, przedsi\u0119biorstwo mo\u017ce do\u0142o\u017cy\u0107 ostatni etap w kszta\u0142ceniu praktycznym, ale nie mo\u017ce i nie powinno go zast\u0119powa\u0107.<\/p>\n<p style=\"text-align: justify;\">Samorz\u0105dowcy, kt\u00f3rzy spotkali si\u0119 w \u0141a\u0144cucie uczestnicz\u0105 w projekcie<strong><em> &#8220;Wsparcie kadry jednostek samorz\u0105du terytorialnego w zarz\u0105dzaniu o\u015bwiat\u0105 ukierunkowanym na rozw\u00f3j szk\u00f3\u0142 i kompetencji kluczowych uczni\u00f3w&#8221;<\/em><\/strong>, realizowanym przez <em>O\u015brodek Rozwoju Edukacji i Zwi\u0105zek Miast Polskich<\/em> przy wsp\u00f3\u0142pracy <em>Zwi\u0105zku Powiat\u00f3w Polskich<\/em>. Projekt jest finansowany z <em>Europejskiego Funduszu Spo\u0142ecznego<\/em> w ramach programu operacyjnego <em><strong>Wiedza Edukacja Rozw\u00f3j<\/strong><\/em>.<\/p>\n","protected":false},"excerpt":{"rendered":"<p>ZWI\u0104ZEK POWIAT\u00d3W POLSKICH docenia kszta\u0142cenie zawodowe. Kszta\u0142cenie u pracodawc\u00f3w nie mo\u017ce zast\u0105pi\u0107 kszta\u0142cenia praktycznego w szko\u0142ach W opinii pracodawc\u00f3w z Doliny Lotniczej centra kszta\u0142cenia praktycznego powinny nadal prowadzi\u0107 praktyczn\u0105 nauk\u0119 zawodu, bo s\u0105 do tego przygotowane. Tak\u017ce dzi\u0119ki wielomilionowym inwestycjom, finansowanym z funduszy unijnych i bud\u017cet\u00f3w powiat\u00f3w. Przedsi\u0119biorcy nie powinni wyr\u0119cza\u0107 centr\u00f3w w pe\u0142nieniu tej &hellip; <a href=\"https:\/\/ckzdobrzechow.edu.pl\/zpp-docenia-ksztalcenie-zawodowe\/\" class=\"more-link\">Czytaj dalej <span class=\"screen-reader-text\">ZPP docenia kszta\u0142cenie zawodowe<\/span> <span class=\"meta-nav\">&rarr;<\/span><\/a><\/p>\n","protected":false},"author":5,"featured_media":0,"parent":0,"menu_order":0,"comment_status":"closed","ping_status":"closed","template":"","meta":{"_mi_skip_tracking":false},"_links":{"self":[{"href":"https:\/\/ckzdobrzechow.edu.pl\/wp-json\/wp\/v2\/pages\/6072"}],"collection":[{"href":"https:\/\/ckzdobrzechow.edu.pl\/wp-json\/wp\/v2\/pages"}],"about":[{"href":"https:\/\/ckzdobrzechow.edu.pl\/wp-json\/wp\/v2\/types\/page"}],"author":[{"embeddable":true,"href":"https:\/\/ckzdobrzechow.edu.pl\/wp-json\/wp\/v2\/users\/5"}],"replies":[{"embeddable":true,"href":"https:\/\/ckzdobrzechow.edu.pl\/wp-json\/wp\/v2\/comments?post=6072"}],"version-history":[{"count":5,"href":"https:\/\/ckzdobrzechow.edu.pl\/wp-json\/wp\/v2\/pages\/6072\/revisions"}],"predecessor-version":[{"id":6078,"href":"https:\/\/ckzdobrzechow.edu.pl\/wp-json\/wp\/v2\/pages\/6072\/revisions\/6078"}],"wp:attachment":[{"href":"https:\/\/ckzdobrzechow.edu.pl\/wp-json\/wp\/v2\/media?parent=6072"}],"curies":[{"name":"wp","href":"https:\/\/api.w.org\/{rel}","templated":true}]}}