{"id":6084,"date":"2017-12-13T12:35:55","date_gmt":"2017-12-13T11:35:55","guid":{"rendered":"http:\/\/ckpdobrzechow.edu.pl\/?page_id=6084"},"modified":"2017-12-13T13:00:36","modified_gmt":"2017-12-13T12:00:36","slug":"eksperymentuj","status":"publish","type":"page","link":"https:\/\/ckzdobrzechow.edu.pl\/eksperymentuj\/","title":{"rendered":"\u201eEKSPERYMENTUJ\u201d"},"content":{"rendered":"<p style=\"text-align: justify;\">11-12 grudnia 2017 r. <span style=\"color: #0000ff;\"><strong>Centrum Kszta\u0142cenia Praktycznego w Dobrzechowie <\/strong><\/span>go\u015bci\u0142o <span style=\"color: #ff0000;\"><strong>INTERAKTYWN\u0104 WYSTAW\u0118 \u201eEKSPERYMENTUJ\u201d <\/strong><\/span>zorganizowan\u0105 przez <span style=\"color: #ff0000;\"><strong>Centrum Nauki Kopernik z Warszawy,<\/strong><\/span> z tej okazji<strong><span style=\"color: #0000ff;\"> Centrum<\/span><\/strong> odwiedzili nauczyciele i uczniowie szk\u00f3\u0142 podstawowych oraz gimnazjalnych.<\/p>\n<p>W dniu 11.12.2017 r. wystaw\u0119 zwiedzili uczniowie ze szk\u00f3\u0142:<\/p>\n<ol>\n<li>Zesp\u00f3\u0142 Szk\u00f3\u0142 w Dobrzechowie;<\/li>\n<li>Zesp\u00f3\u0142 Szk\u00f3\u0142 w Gwo\u017anicy G\u00f3rnej;<\/li>\n<li>Zesp\u00f3\u0142 Szk\u00f3\u0142 w Wysokiej Strzy\u017cowskiej;<\/li>\n<li>Zesp\u00f3\u0142 Szk\u00f3\u0142 w Lubli;<\/li>\n<li>Zesp\u00f3\u0142 Szk\u00f3\u0142 w Lutczy;<\/li>\n<li>Zesp\u00f3\u0142 Szk\u00f3\u0142 w St\u0119pinie;<\/li>\n<\/ol>\n<p>w dniu 12.12.2017 r. wystaw\u0119 zwiedzili uczniowie ze szk\u00f3\u0142:<\/p>\n<ol>\n<li>Szko\u0142a Podstawowa im. Marii Konopnickiej w Wi\u015bniowej;<\/li>\n<li>Gimnazjum im. Orl\u0105t Lwowskich w Wi\u015bniowej;<\/li>\n<li>Publiczne Gimnazjum im. Ksi\u0119dza Jerzego Popie\u0142uszki w Wielopolu Skrzy\u0144skim;<\/li>\n<li>Zesp\u00f3\u0142 Szk\u00f3\u0142 w Konieczkowej;<\/li>\n<li>Zesp\u00f3\u0142 Szk\u00f3\u0142 w Wysokiej Strzy\u017cowskiej;<\/li>\n<li>Zesp\u00f3\u0142 Szk\u00f3\u0142 w St\u0119pinie;<\/li>\n<li>Zesp\u00f3\u0142 Szk\u00f3\u0142 w Gogo\u0142owie;<\/li>\n<li>Zesp\u00f3\u0142 Szk\u00f3\u0142 w Grodzisku;<\/li>\n<li>Zesp\u00f3\u0142 Szk\u00f3\u0142 w \u017byznowie.<\/li>\n<\/ol>\n<p style=\"text-align: justify;\">Uczniowie uczestnicz\u0105cy w interaktywnej wystawie <span style=\"color: #ff0000;\">&#8220;<strong>EKSPERYMENTUJ<\/strong>&#8221;\u00a0<span style=\"color: #000000;\">mieli mo\u017cliwo\u015b\u0107 zwiedzenia <span style=\"color: #0000ff;\">Centrum Kszta\u0142cenia Praktycznego<\/span>. W trakcie zwiedzania uczniowie zapoznali si\u0119 z baz\u0105 dydaktyczn\u0105 <span style=\"color: #0000ff;\">Centrum<\/span>, mogli uzyska\u0107 szczeg\u00f3\u0142owe informacje na temat maszyn i urz\u0105dze\u0144 jakich codziennie u\u017cywaj\u0105 uczniowie uczestnicz\u0105cy w zaj\u0119ciach praktycznych jak i teoretycznych. Osoby zwiedzaj\u0105ce mog\u0142y zobaczy\u0107 wykonane przez uczni\u00f3w projekty\u00a0 jak np. p\u0142ug \u015bnie\u017cny czy pionki szachowe itp., oraz przyjrze\u0107 si\u0119 pracy uczni\u00f3w na zaj\u0119ciach praktycznych i teoretycznych.<\/span><\/span><\/p>\n<p style=\"text-align: justify;\"><span style=\"color: #ff0000;\"><span style=\"color: #000000;\">Uczestnicy interaktywnej wystawy r\u00f3wnie\u017c zwiedzili stanowisko <span style=\"color: #993300;\">Zespo\u0142u Szk\u00f3\u0142 Technicznych ze Strzy\u017cowa,<\/span> kt\u00f3rzy wzbogacili wystaw\u0119 o takie eksponaty jak sterowane roboty, pierwsza pomoc przedmedyczna, kasa fiskalna i do\u015bwiadczenia chemiczne.\u00a0 Na w\/w stanowiskach uczestnicy mogli r\u00f3wnie\u017c dowiedzie\u0107 si\u0119 wi\u0119cej o\u00a0 nauce w ZST Strzy\u017c\u00f3w czytaj\u0105c broszury informacyjne. Zwiedzaj\u0105cy mogli r\u00f3wnie\u017c dowiedzie\u0107 si\u0119 wi\u0119cej o nauce w <\/span><\/span><span style=\"color: #ff6600;\">Liceum Og\u00f3lnokszta\u0142c\u0105cym\u00a0 im. Adama Mickiewicza w Strzy\u017cowie<\/span> czy <span style=\"color: #008000;\">Zespole Szk\u00f3\u0142 z Czudca,<\/span> kt\u00f3rzy r\u00f3wnie\u017c go\u015bcili w <span style=\"color: #0000ff;\">Centrum Kszta\u0142cenia Praktycznego.<\/span><\/p>\n<p style=\"text-align: justify;\">Centrum Kszta\u0142cenia Praktycznego bardzo\u00a0dzi\u0119kuje wszystkim uczestnikom\u00a0 za tak liczny udzia\u0142 w\u00a0<span style=\"color: #ff0000;\"><strong>INTERAKTYWNEJ WYSTAWIE \u201eEKSPERYMENTUJ\u201d<\/strong><span style=\"color: #000000;\">. Wystawa cieszy\u0142a si\u0119 bardzo du\u017cym zainteresowaniem co wida\u0107 na poni\u017cszych zdj\u0119ciach.<\/span><\/span><\/p>\n<p style=\"text-align: center;\"><span style=\"color: #008000;\"><em><strong>Zapraszamy do galerii zdj\u0119\u0107 poni\u017cej.<\/strong><\/em><\/span><\/p>\n<fieldset style=\"background-color: gainsboro; border: 2px solid crimson; padding: 3;\">\n<legend><span style=\"color: navy;\"><b>Galeria zdj\u0119\u0107<\/b><\/span><\/legend>\n<p style=\"text-align: left;\" align=\"center\"><span style=\"color: #6600cc;\"><a href=\"https:\/\/ckzdobrzechow.edu.pl\/naukobus-11-12-2017-r\/\"><img loading=\"lazy\" src=\"https:\/\/ckzdobrzechow.edu.pl\/wp-content\/uploads\/2017\/12\/Windows-Live-Gallery-icon.png\" alt=\"\" width=\"50\" height=\"50\" align=\"center\" border=\"0\" hspace=\"5\" \/><\/a><a href=\"https:\/\/ckzdobrzechow.edu.pl\/naukobus-11-12-2017-r\/\">Galeria zdj\u0119\u0107 z 11.12.2017 r.<\/a><\/span><\/p>\n<p style=\"text-align: left;\" align=\"center\"><span style=\"color: #6600cc;\"><a href=\"https:\/\/ckzdobrzechow.edu.pl\/naukobus-12-12-2017-r\/\"><img loading=\"lazy\" src=\"https:\/\/ckzdobrzechow.edu.pl\/wp-content\/uploads\/2017\/12\/Windows-Live-Gallery-icon.png\" alt=\"\" width=\"50\" height=\"50\" align=\"center\" border=\"0\" hspace=\"5\" \/><\/a><a href=\"https:\/\/ckzdobrzechow.edu.pl\/naukobus-12-12-2017-r\/\">Galeria zdj\u0119\u0107 z 12.12.2017 r.<\/a><\/span><\/p>\n<\/fieldset>\n","protected":false},"excerpt":{"rendered":"<p>11-12 grudnia 2017 r. Centrum Kszta\u0142cenia Praktycznego w Dobrzechowie go\u015bci\u0142o INTERAKTYWN\u0104 WYSTAW\u0118 \u201eEKSPERYMENTUJ\u201d zorganizowan\u0105 przez Centrum Nauki Kopernik z Warszawy, z tej okazji Centrum odwiedzili nauczyciele i uczniowie szk\u00f3\u0142 podstawowych oraz gimnazjalnych. W dniu 11.12.2017 r. wystaw\u0119 zwiedzili uczniowie ze szk\u00f3\u0142: Zesp\u00f3\u0142 Szk\u00f3\u0142 w Dobrzechowie; Zesp\u00f3\u0142 Szk\u00f3\u0142 w Gwo\u017anicy G\u00f3rnej; Zesp\u00f3\u0142 Szk\u00f3\u0142 w Wysokiej Strzy\u017cowskiej; &hellip; <a href=\"https:\/\/ckzdobrzechow.edu.pl\/eksperymentuj\/\" class=\"more-link\">Czytaj dalej <span class=\"screen-reader-text\">\u201eEKSPERYMENTUJ\u201d<\/span> <span class=\"meta-nav\">&rarr;<\/span><\/a><\/p>\n","protected":false},"author":5,"featured_media":0,"parent":0,"menu_order":0,"comment_status":"closed","ping_status":"closed","template":"","meta":{"_mi_skip_tracking":false},"_links":{"self":[{"href":"https:\/\/ckzdobrzechow.edu.pl\/wp-json\/wp\/v2\/pages\/6084"}],"collection":[{"href":"https:\/\/ckzdobrzechow.edu.pl\/wp-json\/wp\/v2\/pages"}],"about":[{"href":"https:\/\/ckzdobrzechow.edu.pl\/wp-json\/wp\/v2\/types\/page"}],"author":[{"embeddable":true,"href":"https:\/\/ckzdobrzechow.edu.pl\/wp-json\/wp\/v2\/users\/5"}],"replies":[{"embeddable":true,"href":"https:\/\/ckzdobrzechow.edu.pl\/wp-json\/wp\/v2\/comments?post=6084"}],"version-history":[{"count":15,"href":"https:\/\/ckzdobrzechow.edu.pl\/wp-json\/wp\/v2\/pages\/6084\/revisions"}],"predecessor-version":[{"id":6105,"href":"https:\/\/ckzdobrzechow.edu.pl\/wp-json\/wp\/v2\/pages\/6084\/revisions\/6105"}],"wp:attachment":[{"href":"https:\/\/ckzdobrzechow.edu.pl\/wp-json\/wp\/v2\/media?parent=6084"}],"curies":[{"name":"wp","href":"https:\/\/api.w.org\/{rel}","templated":true}]}}